{"id":690,"date":"2012-05-02T20:12:51","date_gmt":"2012-05-02T17:12:51","guid":{"rendered":"http:\/\/www.elainklinikkakotisalo.fi\/milfeddyg\/?page_id=690"},"modified":"2012-05-02T20:23:23","modified_gmt":"2012-05-02T17:23:23","slug":"pisku","status":"publish","type":"page","link":"http:\/\/www.elainklinikkakotisalo.fi\/milfeddyg\/muistoissamme\/pisku\/","title":{"rendered":"Pisku"},"content":{"rendered":"<p>kooikerhondje narttu<br \/>\nC.I.B. FIN MVA FIN AVA EE MVA LV MVA V-96 V-99 PMV-01 LVV-96\u00a0<a href=\"http:\/\/jalostus.kennelliitto.fi\/frmKoira.aspx?RekNo=SF49741\/94&amp;R=314\" target=\"_blank\">Callitris Bianca Flame<\/a><\/p>\n<p><a href=\"http:\/\/www.elainklinikkakotisalo.fi\/milfeddyg\/wp-content\/uploads\/2012\/05\/Pisku-1996.jpg\" rel=\"lightbox[690]\"><img loading=\"lazy\" decoding=\"async\" class=\"aligncenter size-medium wp-image-738\" title=\"Pisku 1996\" src=\"http:\/\/www.elainklinikkakotisalo.fi\/milfeddyg\/wp-content\/uploads\/2012\/05\/Pisku-1996-300x213.jpg\" alt=\"\" width=\"300\" height=\"213\" srcset=\"http:\/\/www.elainklinikkakotisalo.fi\/milfeddyg\/wp-content\/uploads\/2012\/05\/Pisku-1996-300x213.jpg 300w, http:\/\/www.elainklinikkakotisalo.fi\/milfeddyg\/wp-content\/uploads\/2012\/05\/Pisku-1996.jpg 1017w\" sizes=\"auto, (max-width: 300px) 100vw, 300px\" \/><\/a><br \/>\nSF49741\/94<br \/>\ns.4.9.1994, k. 19.11.2008<br \/>\nis\u00e4: C.I.B. DE(VDH)CH FIN CH LUX CH NL CH B CH MV-96 Nobly \u2013Trusty Yalinke v. Muskyteira<br \/>\nem\u00e4: FIN MVA EE MVA V-94 EEV-93 Falony-Flame urjette v. Muskyteira<br \/>\nkasvattaja Tuija Marienberg<\/p>\n<p>Ensimm\u00e4inen kooikerhondje Pisku tuli meille pitk\u00e4n odotuksen j\u00e4lkeen Tuija Marienbergin Callitris kennelist\u00e4. Pisku oli Suomen ensimm\u00e4isen kooikeripentueen j\u00e4sen. Piskun my\u00f6t\u00e4 j\u00e4in agilityn lumoihin parantumattomasti. Vuonna 2000 Pisku saavutti Suomen agilityvalion arvon.<br \/>\nPiskun n\u00e4yttelymenestys oli erinomaista. Se saavutti Kansainv\u00e4lisen, Suomen, Eestin, Latvian muotovalion arvon. Lis\u00e4ksi se oli Latvian voittaja -96, voittaja -96 ja -99 sek\u00e4 pohjoismaiden voittaja -01. Se oli 13xrotunsa paras. Se sai 5x Cacib ja 3x vara Cacib.<\/p>\n<p>Tokossa Pisku eteni avoimeen luokkaan, jossa kisattiin pari kertaa.<\/p>\n<p>Jalostuksessa Pisku on j\u00e4tt\u00e4nyt merkitt\u00e4v\u00e4n j\u00e4ljen Suomen kooikerikantaan. Piskun ensimm\u00e4inen pentue , C-pentue syntyi vuonna 1997.&#8221; Kira&#8221; Milfeddyg Claudia Bianca on Wishdecoy- kennelin kantanarttu ja Kiran pennusta sai alkunsa Bullbenz- kennelin kooikerit, &#8221;Totti&#8221; Milfeddyg Castor Bianca n\u00e4kyy Cavalriina&#8217;s kennelin sukutauluissa, &#8221;Peppi&#8221; on Y\u00f6perhon kennelin kooikereiden kantanarttu.<\/p>\n<p>Piskun toinen pentue, E- pentue syntyi vuonna 1998. &#8221;Greta&#8221; Milfeddyg Esther Bianca jatkui Aura Marlee- kennelin pennuissa, &#8221;Toca&#8221; Milfeddyg Erasmus Bianca on jatkunut Cavalriina\u00b4s ja Callitris-linjoissa. &#8221;Anni&#8221; Milfeddyg Emily Bianca ja &#8221;Lemi&#8221; Milfeddyg Elaika Bianca jatkuvat Milfeddyg suvussa.<br \/>\nYht\u00e4 lukuun ottamatta Piskun kaikki 11 pentua ovat valioita.<\/p>\n<p>Juuri ,kun kaikki oli parhaimmillaan, Pisku vammautui autokolarissa ja sen agility- ja n\u00e4yttelyura loppui Piskun ollessa 7 vuotias. Onneksi se toipui vammoistaan niin hyvin, ett\u00e4 pystyi viett\u00e4m\u00e4\u00e4n hyv\u00e4\u00e4 kotikoiran el\u00e4m\u00e4\u00e4 viel\u00e4 monta vuotta.<\/p>\n<p>Pisku oli itsen\u00e4inen ja itsep\u00e4inen sitke\u00e4 ty\u00f6koira. Luonteeltaan se oli tyypillinen kooikeri. Vieraita kohtaan v\u00e4linpit\u00e4m\u00e4t\u00f6n ja kiintyi omiin ihmisiin syv\u00e4sti. Leikkisyytens\u00e4 se s\u00e4ilytti l\u00e4hes loppuun asti, kunnes voimat heikkeniv\u00e4t. Marraskuussa 2008 pitk\u00e4lle edennyt pernakasvain vei Piskulta voimat ja jouduin hyv\u00e4stelem\u00e4\u00e4n 14 vuotiaan yst\u00e4v\u00e4ni.<\/p>\n","protected":false},"excerpt":{"rendered":"<p>kooikerhondje narttu C.I.B. FIN MVA FIN AVA EE MVA LV MVA V-96 V-99 PMV-01 LVV-96\u00a0Callitris Bianca Flame SF49741\/94 s.4.9.1994, k. 19.11.2008 is\u00e4: C.I.B. DE(VDH)CH FIN CH LUX CH NL CH B CH MV-96 Nobly \u2013Trusty Yalinke v. Muskyteira em\u00e4: FIN MVA EE MVA V-94 EEV-93 Falony-Flame urjette v. Muskyteira kasvattaja Tuija Marienberg Ensimm\u00e4inen kooikerhondje Pisku [&hellip;]<\/p>\n","protected":false},"author":1,"featured_media":0,"parent":343,"menu_order":0,"comment_status":"open","ping_status":"open","template":"","meta":{"footnotes":""},"class_list":["post-690","page","type-page","status-publish","hentry"],"_links":{"self":[{"href":"http:\/\/www.elainklinikkakotisalo.fi\/milfeddyg\/wp-json\/wp\/v2\/pages\/690","targetHints":{"allow":["GET"]}}],"collection":[{"href":"http:\/\/www.elainklinikkakotisalo.fi\/milfeddyg\/wp-json\/wp\/v2\/pages"}],"about":[{"href":"http:\/\/www.elainklinikkakotisalo.fi\/milfeddyg\/wp-json\/wp\/v2\/types\/page"}],"author":[{"embeddable":true,"href":"http:\/\/www.elainklinikkakotisalo.fi\/milfeddyg\/wp-json\/wp\/v2\/users\/1"}],"replies":[{"embeddable":true,"href":"http:\/\/www.elainklinikkakotisalo.fi\/milfeddyg\/wp-json\/wp\/v2\/comments?post=690"}],"version-history":[{"count":3,"href":"http:\/\/www.elainklinikkakotisalo.fi\/milfeddyg\/wp-json\/wp\/v2\/pages\/690\/revisions"}],"predecessor-version":[{"id":692,"href":"http:\/\/www.elainklinikkakotisalo.fi\/milfeddyg\/wp-json\/wp\/v2\/pages\/690\/revisions\/692"}],"up":[{"embeddable":true,"href":"http:\/\/www.elainklinikkakotisalo.fi\/milfeddyg\/wp-json\/wp\/v2\/pages\/343"}],"wp:attachment":[{"href":"http:\/\/www.elainklinikkakotisalo.fi\/milfeddyg\/wp-json\/wp\/v2\/media?parent=690"}],"curies":[{"name":"wp","href":"https:\/\/api.w.org\/{rel}","templated":true}]}}