{"id":688,"date":"2012-05-02T20:12:32","date_gmt":"2012-05-02T17:12:32","guid":{"rendered":"http:\/\/www.elainklinikkakotisalo.fi\/milfeddyg\/?page_id=688"},"modified":"2012-05-02T20:22:45","modified_gmt":"2012-05-02T17:22:45","slug":"tipla","status":"publish","type":"page","link":"http:\/\/www.elainklinikkakotisalo.fi\/milfeddyg\/muistoissamme\/tipla\/","title":{"rendered":"Tipla"},"content":{"rendered":"<p>walesinspringerspanieli narttu<br \/>\nC.I.B. FIN MVA EE MVA LV MVA LVV-96\u00a0<a href=\"http:\/\/jalostus.kennelliitto.fi\/frmKoira.aspx?RekNo=FIN23918%2F95&amp;R=126\" target=\"_blank\">Milfeddyg Blaengar<\/a><\/p>\n<p><a href=\"http:\/\/www.elainklinikkakotisalo.fi\/milfeddyg\/wp-content\/uploads\/2012\/05\/Tipla-2001.jpg\" rel=\"lightbox[688]\"><img loading=\"lazy\" decoding=\"async\" class=\"aligncenter size-medium wp-image-736\" title=\"Tipla 2001\" src=\"http:\/\/www.elainklinikkakotisalo.fi\/milfeddyg\/wp-content\/uploads\/2012\/05\/Tipla-2001-300x204.jpg\" alt=\"\" width=\"300\" height=\"204\" srcset=\"http:\/\/www.elainklinikkakotisalo.fi\/milfeddyg\/wp-content\/uploads\/2012\/05\/Tipla-2001-300x204.jpg 300w, http:\/\/www.elainklinikkakotisalo.fi\/milfeddyg\/wp-content\/uploads\/2012\/05\/Tipla-2001.jpg 1024w\" sizes=\"auto, (max-width: 300px) 100vw, 300px\" \/><\/a><br \/>\nFIN23918\/95<br \/>\ns.12.4.1995, k.28.4.2007<br \/>\nis\u00e4: C.I.B. FIN MVA SE MVA(N) EE MVA Llawen Gopher, em\u00e4 C.I.B. FIN MVA Sinsir Madlen<br \/>\nkasvattaja Liisa Kotisalo<\/p>\n<p>Tipla oli aivan mahtava walesinarttu ja erityisesti Siljalle rakas koira. Tipla j\u00e4i meille ik\u00e4\u00e4n kuin vahingossa, kun h\u00e4kkikenneliin en suostunut sit\u00e4 myym\u00e4\u00e4n, eik\u00e4 muuta riitt\u00e4v\u00e4n aktiivista ja sopivaa perhett\u00e4 sille l\u00f6ytynyt luovutusik\u00e4isen\u00e4. Se j\u00e4i meille &#8221;toistaiseksi&#8221; , kunnes puolivuotiaasta pennusta n\u00e4in kehittyv\u00e4n upean koiran ja p\u00e4\u00e4tin pit\u00e4\u00e4 Tiplan itse. Tipla oli luonteeltaan avoin, itsen\u00e4inen, iloinen, hellyyden kipe\u00e4, mutkaton todellinen walesi. Sill\u00e4 oli voimakas riistavietti, jota se k\u00e4ytti vain itsens\u00e4 hauskuuttamiseksi, kun perheess\u00e4 ei kukaan mets\u00e4st\u00e4. Silja harrasti Tiplalla agilitya ja tokoa. Se nousi agilityss\u00e4 maxi kakkosluokkaan. Mej\u00e4kokeissa voimakas riistavietti h\u00e4iritsi j\u00e4lkiuskollisuutta, joten kisamenestyst\u00e4 ei tullut innokkaasta ty\u00f6skentelyst\u00e4 huolimatta.<br \/>\nN\u00e4yttelyiss\u00e4 Tipla saavutti kansainv\u00e4lisen, Suomen, Eestin ja Latvian muotovalion arvot sek\u00e4 Latvian voittaja-96 tittelin. ROP ja VSP voittojen lis\u00e4ksi sill\u00e4 oli pari ryhm\u00e4sijoitusta ja 4x cacib.<\/p>\n<p>Tipla oli hyv\u00e4 ja huolehtivainen emo. Sill\u00e4 oli kaksi pentuetta; pentue F 7 kpl vuonna 1999 ja pentue G 5 kpl vuonna 2001. Se j\u00e4tti 6 valioj\u00e4lkel\u00e4ist\u00e4. Kolme sen pennuista on jatkanut edelleen Milfeddyg-sukua. Tiplan j\u00e4lkel\u00e4isist\u00e4 on saanut alkunsa mm Ruustiinas ja Llewparts kennelit.<\/p>\n<p>Tipla oli minulle t\u00e4h\u00e4n asti viimeinen ja ehk\u00e4 rakkain walesi. 12 vuotiaana Tipla sairastui \u00e4killisesti ja rajusti ja kaikista yrityksist\u00e4 huolimatta se oli p\u00e4\u00e4stett\u00e4v\u00e4 sateenkaarisillalle. Todenn\u00e4k\u00f6inen diagnoosi oli aivokasvain.<\/p>\n<p>&#8221;Vaiti seisoo pihapuut, ik\u00e4v\u00f6iv\u00e4t kukkamaat. Kaipaa tuttu pihapolku rakkaan tassun astuntaa. Nyt h\u00e4n on t\u00e4hti \u00f6isell\u00e4 taivaalla, revontuli, v\u00e4lk\u00e4hdys auringons\u00e4teen\u00e4 aallonharjalla, kimaltava timantti kev\u00e4thangella&#8221;<\/p>\n","protected":false},"excerpt":{"rendered":"<p>walesinspringerspanieli narttu C.I.B. FIN MVA EE MVA LV MVA LVV-96\u00a0Milfeddyg Blaengar FIN23918\/95 s.12.4.1995, k.28.4.2007 is\u00e4: C.I.B. FIN MVA SE MVA(N) EE MVA Llawen Gopher, em\u00e4 C.I.B. FIN MVA Sinsir Madlen kasvattaja Liisa Kotisalo Tipla oli aivan mahtava walesinarttu ja erityisesti Siljalle rakas koira. Tipla j\u00e4i meille ik\u00e4\u00e4n kuin vahingossa, kun h\u00e4kkikenneliin en suostunut sit\u00e4 myym\u00e4\u00e4n, [&hellip;]<\/p>\n","protected":false},"author":1,"featured_media":0,"parent":343,"menu_order":0,"comment_status":"open","ping_status":"open","template":"","meta":{"footnotes":""},"class_list":["post-688","page","type-page","status-publish","hentry"],"_links":{"self":[{"href":"http:\/\/www.elainklinikkakotisalo.fi\/milfeddyg\/wp-json\/wp\/v2\/pages\/688","targetHints":{"allow":["GET"]}}],"collection":[{"href":"http:\/\/www.elainklinikkakotisalo.fi\/milfeddyg\/wp-json\/wp\/v2\/pages"}],"about":[{"href":"http:\/\/www.elainklinikkakotisalo.fi\/milfeddyg\/wp-json\/wp\/v2\/types\/page"}],"author":[{"embeddable":true,"href":"http:\/\/www.elainklinikkakotisalo.fi\/milfeddyg\/wp-json\/wp\/v2\/users\/1"}],"replies":[{"embeddable":true,"href":"http:\/\/www.elainklinikkakotisalo.fi\/milfeddyg\/wp-json\/wp\/v2\/comments?post=688"}],"version-history":[{"count":2,"href":"http:\/\/www.elainklinikkakotisalo.fi\/milfeddyg\/wp-json\/wp\/v2\/pages\/688\/revisions"}],"predecessor-version":[{"id":737,"href":"http:\/\/www.elainklinikkakotisalo.fi\/milfeddyg\/wp-json\/wp\/v2\/pages\/688\/revisions\/737"}],"up":[{"embeddable":true,"href":"http:\/\/www.elainklinikkakotisalo.fi\/milfeddyg\/wp-json\/wp\/v2\/pages\/343"}],"wp:attachment":[{"href":"http:\/\/www.elainklinikkakotisalo.fi\/milfeddyg\/wp-json\/wp\/v2\/media?parent=688"}],"curies":[{"name":"wp","href":"https:\/\/api.w.org\/{rel}","templated":true}]}}