{"id":686,"date":"2012-05-02T20:12:09","date_gmt":"2012-05-02T17:12:09","guid":{"rendered":"http:\/\/www.elainklinikkakotisalo.fi\/milfeddyg\/?page_id=686"},"modified":"2012-05-02T20:22:08","modified_gmt":"2012-05-02T17:22:08","slug":"vikke","status":"publish","type":"page","link":"http:\/\/www.elainklinikkakotisalo.fi\/milfeddyg\/muistoissamme\/vikke\/","title":{"rendered":"Vikke"},"content":{"rendered":"<p>walesinspringerspanieli narttu<br \/>\nC.I.B FIN MVA\u00a0<a href=\"http:\/\/jalostus.kennelliitto.fi\/frmKoira.aspx?RekNo=SF24746%2F89&amp;R=126\" target=\"_blank\">Sinsir Madlen<\/a><\/p>\n<p><a href=\"http:\/\/www.elainklinikkakotisalo.fi\/milfeddyg\/wp-content\/uploads\/2012\/05\/Vikke-96.jpg\" rel=\"lightbox[686]\"><img loading=\"lazy\" decoding=\"async\" class=\"aligncenter size-medium wp-image-734\" title=\"Vikke  -96\" src=\"http:\/\/www.elainklinikkakotisalo.fi\/milfeddyg\/wp-content\/uploads\/2012\/05\/Vikke-96-300x233.jpg\" alt=\"\" width=\"300\" height=\"233\" srcset=\"http:\/\/www.elainklinikkakotisalo.fi\/milfeddyg\/wp-content\/uploads\/2012\/05\/Vikke-96-300x233.jpg 300w, http:\/\/www.elainklinikkakotisalo.fi\/milfeddyg\/wp-content\/uploads\/2012\/05\/Vikke-96.jpg 983w\" sizes=\"auto, (max-width: 300px) 100vw, 300px\" \/><\/a><br \/>\nSF24746\/89<br \/>\ns. 16.8.1989, k.1.8.2003<br \/>\nis\u00e4: Northey Over the Rainbow, em\u00e4: Hillpark Mountain Rose<br \/>\nkasvattaja Reino M\u00e4kitalo<\/p>\n<p>My\u00f6s Milfeddyg- linjan uusi alku tuli meille Sinsir- kennelist\u00e4. Vikke oli koiristani haastavin ja mieleenpainuva. Se oli vilkas ja voimakastahtoinen. Se kiintyi minuun kuin liimapaperi ja halusi omistaa minut yksin ja kokonaan. Sit\u00e4 ei pidellyt painavat ovet, ei aidat eik\u00e4 hyttysverkot toisen kerroksen ikkunassa, kun se halusi olla siell\u00e4, miss\u00e4 min\u00e4kin tai muut perheen j\u00e4senet. Sen lempinimi olikin &#8221;Lent\u00e4v\u00e4 Lallero&#8221;, mik\u00e4 johtui sen taipumuksesta lent\u00e4\u00e4 ulos ikkunoista tai aitojen yli. Viken kanssa koimme hienoja hetki\u00e4 n\u00e4yttelyiss\u00e4 ja agilityharrastuksessa. Vikke oli ensimm\u00e4inen virallisissa agilitykisoissa kilpaillut walesi. Se ylsi kisaurallaan yht\u00e4 nousunollaa vaille kolmosluokkaan. N\u00e4yttelyss\u00e4 Vikke saavutti kansainv\u00e4lisen ja Suomen muotovalion arvon ja Puolan voittajatittelin. Viken kanssa harrastettiin my\u00f6s mej\u00e4\u00e4, josta tuloksena oli yksi ykk\u00f6stulos ja muutama kakkos- ja kolmostulos avoimessa luokassa. Pieness\u00e4 m\u00e4\u00e4rin harjoiteltiin my\u00f6s raunioilla henkil\u00f6hakua.<\/p>\n<p>Milfeddyg-suku on jatkunut Viken kahden pentueen kautta. Ensimm\u00e4inen eli A-pentue 8 kpl, syntyi vuonna 1992 ja B- pentue 10 kpl vuonna 1995. Vikke j\u00e4tti 6 valioj\u00e4lkel\u00e4ist\u00e4, joista 2 jatkoi edelleen sukua.<\/p>\n<p>Vikke sairastui lymfoomaan kev\u00e4\u00e4ll\u00e4 2003, joka uuvutti sen vajaat pari viikkoa ennen sen 14- vuotis syntym\u00e4p\u00e4iv\u00e4\u00e4.<\/p>\n","protected":false},"excerpt":{"rendered":"<p>walesinspringerspanieli narttu C.I.B FIN MVA\u00a0Sinsir Madlen SF24746\/89 s. 16.8.1989, k.1.8.2003 is\u00e4: Northey Over the Rainbow, em\u00e4: Hillpark Mountain Rose kasvattaja Reino M\u00e4kitalo My\u00f6s Milfeddyg- linjan uusi alku tuli meille Sinsir- kennelist\u00e4. Vikke oli koiristani haastavin ja mieleenpainuva. Se oli vilkas ja voimakastahtoinen. Se kiintyi minuun kuin liimapaperi ja halusi omistaa minut yksin ja kokonaan. Sit\u00e4 [&hellip;]<\/p>\n","protected":false},"author":1,"featured_media":0,"parent":343,"menu_order":0,"comment_status":"open","ping_status":"open","template":"","meta":{"footnotes":""},"class_list":["post-686","page","type-page","status-publish","hentry"],"_links":{"self":[{"href":"http:\/\/www.elainklinikkakotisalo.fi\/milfeddyg\/wp-json\/wp\/v2\/pages\/686","targetHints":{"allow":["GET"]}}],"collection":[{"href":"http:\/\/www.elainklinikkakotisalo.fi\/milfeddyg\/wp-json\/wp\/v2\/pages"}],"about":[{"href":"http:\/\/www.elainklinikkakotisalo.fi\/milfeddyg\/wp-json\/wp\/v2\/types\/page"}],"author":[{"embeddable":true,"href":"http:\/\/www.elainklinikkakotisalo.fi\/milfeddyg\/wp-json\/wp\/v2\/users\/1"}],"replies":[{"embeddable":true,"href":"http:\/\/www.elainklinikkakotisalo.fi\/milfeddyg\/wp-json\/wp\/v2\/comments?post=686"}],"version-history":[{"count":2,"href":"http:\/\/www.elainklinikkakotisalo.fi\/milfeddyg\/wp-json\/wp\/v2\/pages\/686\/revisions"}],"predecessor-version":[{"id":735,"href":"http:\/\/www.elainklinikkakotisalo.fi\/milfeddyg\/wp-json\/wp\/v2\/pages\/686\/revisions\/735"}],"up":[{"embeddable":true,"href":"http:\/\/www.elainklinikkakotisalo.fi\/milfeddyg\/wp-json\/wp\/v2\/pages\/343"}],"wp:attachment":[{"href":"http:\/\/www.elainklinikkakotisalo.fi\/milfeddyg\/wp-json\/wp\/v2\/media?parent=686"}],"curies":[{"name":"wp","href":"https:\/\/api.w.org\/{rel}","templated":true}]}}