{"id":684,"date":"2012-05-02T20:11:48","date_gmt":"2012-05-02T17:11:48","guid":{"rendered":"http:\/\/www.elainklinikkakotisalo.fi\/milfeddyg\/?page_id=684"},"modified":"2012-05-02T20:21:35","modified_gmt":"2012-05-02T17:21:35","slug":"sotti","status":"publish","type":"page","link":"http:\/\/www.elainklinikkakotisalo.fi\/milfeddyg\/muistoissamme\/sotti\/","title":{"rendered":"Sotti"},"content":{"rendered":"<p>walesinspringerspanieli narttu<br \/>\nFIN MVA\u00a0<a href=\"http:\/\/jalostus.kennelliitto.fi\/frmKoira.aspx?RekNo=SF002805%2F82&amp;R=126\" target=\"_blank\">Cyntaf<\/a><\/p>\n<p><a href=\"http:\/\/www.elainklinikkakotisalo.fi\/milfeddyg\/wp-content\/uploads\/2012\/05\/Sotti-84-FIN-MVA.jpg\" rel=\"lightbox[684]\"><img loading=\"lazy\" decoding=\"async\" class=\"aligncenter size-medium wp-image-732\" title=\"Sotti-84 FIN MVA\" src=\"http:\/\/www.elainklinikkakotisalo.fi\/milfeddyg\/wp-content\/uploads\/2012\/05\/Sotti-84-FIN-MVA-300x238.jpg\" alt=\"\" width=\"300\" height=\"238\" srcset=\"http:\/\/www.elainklinikkakotisalo.fi\/milfeddyg\/wp-content\/uploads\/2012\/05\/Sotti-84-FIN-MVA-300x238.jpg 300w, http:\/\/www.elainklinikkakotisalo.fi\/milfeddyg\/wp-content\/uploads\/2012\/05\/Sotti-84-FIN-MVA.jpg 941w\" sizes=\"auto, (max-width: 300px) 100vw, 300px\" \/><\/a><br \/>\nSF002805\/82<br \/>\ns. 9.12.1981, k. 18.3.1993<br \/>\nis\u00e4: C.I.B FIN MVA NO MVA Clumbrolds Red Star , em\u00e4: C.I.B FIN MVA Sinsir Ansawdd<br \/>\nkasvattaja Liisa Kotisalo<\/p>\n<p>Assun pentu Sotti oli ensimm\u00e4inen oma kasvattini. Sen oli pentueen ainoa , mutta sit\u00e4kin parempi sek\u00e4 luonteeltaan ett\u00e4 ulkomuodoltaan. Se oli reipas ja mutkaton, tasapainoinen koira. Kiireisen el\u00e4m\u00e4nvaiheen vuoksi Sotin n\u00e4yttelyura loppui FIN MVA titteliin. Ik\u00e4v\u00e4 kyll\u00e4 hyvin alkanut Milfeddyg- linja ei jatkunut Sottia pidemm\u00e4lle, kun onnistuneista astutuksista huolimatta pentuja ei kuitenkaan saatu. Sotti jouduttiin lopettamaan 12 vuotiaana nopeasti edenneen keuhko- ja maksasy\u00f6v\u00e4n vuoksi.<\/p>\n","protected":false},"excerpt":{"rendered":"<p>walesinspringerspanieli narttu FIN MVA\u00a0Cyntaf SF002805\/82 s. 9.12.1981, k. 18.3.1993 is\u00e4: C.I.B FIN MVA NO MVA Clumbrolds Red Star , em\u00e4: C.I.B FIN MVA Sinsir Ansawdd kasvattaja Liisa Kotisalo Assun pentu Sotti oli ensimm\u00e4inen oma kasvattini. Sen oli pentueen ainoa , mutta sit\u00e4kin parempi sek\u00e4 luonteeltaan ett\u00e4 ulkomuodoltaan. Se oli reipas ja mutkaton, tasapainoinen koira. Kiireisen [&hellip;]<\/p>\n","protected":false},"author":1,"featured_media":0,"parent":343,"menu_order":0,"comment_status":"open","ping_status":"open","template":"","meta":{"footnotes":""},"class_list":["post-684","page","type-page","status-publish","hentry"],"_links":{"self":[{"href":"http:\/\/www.elainklinikkakotisalo.fi\/milfeddyg\/wp-json\/wp\/v2\/pages\/684","targetHints":{"allow":["GET"]}}],"collection":[{"href":"http:\/\/www.elainklinikkakotisalo.fi\/milfeddyg\/wp-json\/wp\/v2\/pages"}],"about":[{"href":"http:\/\/www.elainklinikkakotisalo.fi\/milfeddyg\/wp-json\/wp\/v2\/types\/page"}],"author":[{"embeddable":true,"href":"http:\/\/www.elainklinikkakotisalo.fi\/milfeddyg\/wp-json\/wp\/v2\/users\/1"}],"replies":[{"embeddable":true,"href":"http:\/\/www.elainklinikkakotisalo.fi\/milfeddyg\/wp-json\/wp\/v2\/comments?post=684"}],"version-history":[{"count":2,"href":"http:\/\/www.elainklinikkakotisalo.fi\/milfeddyg\/wp-json\/wp\/v2\/pages\/684\/revisions"}],"predecessor-version":[{"id":733,"href":"http:\/\/www.elainklinikkakotisalo.fi\/milfeddyg\/wp-json\/wp\/v2\/pages\/684\/revisions\/733"}],"up":[{"embeddable":true,"href":"http:\/\/www.elainklinikkakotisalo.fi\/milfeddyg\/wp-json\/wp\/v2\/pages\/343"}],"wp:attachment":[{"href":"http:\/\/www.elainklinikkakotisalo.fi\/milfeddyg\/wp-json\/wp\/v2\/media?parent=684"}],"curies":[{"name":"wp","href":"https:\/\/api.w.org\/{rel}","templated":true}]}}