{"id":5821,"date":"2026-04-19T14:55:45","date_gmt":"2026-04-19T11:55:45","guid":{"rendered":"https:\/\/www.elainklinikkakotisalo.fi\/milfeddyg\/?page_id=5821"},"modified":"2026-04-19T14:57:21","modified_gmt":"2026-04-19T11:57:21","slug":"pentue-17-metjan","status":"publish","type":"page","link":"http:\/\/www.elainklinikkakotisalo.fi\/milfeddyg\/pentueet\/kooikerhondje\/pentue-17-metjan\/","title":{"rendered":"pentue 17 Metjan"},"content":{"rendered":"<p><strong>Toisen\u00a0 sukupolven kooikerhondje-phalene risteytyspentue s. 21.2.2026<\/strong><\/p>\n<p><strong>emo\u00a0<\/strong><\/p>\n<p><strong>Milfeddyg Lampronia Fuscatella &#8221;Tinja&#8221;\u00a0<\/strong><\/p>\n<p><a href=\"https:\/\/jalostus.kennelliitto.fi\/frmKoira.aspx?RekNo=ER48292%2F22&amp;R=314\">https:\/\/jalostus.kennelliitto.fi\/frmKoira.aspx?RekNo=ER48292%2F22&amp;R=314<\/a><\/p>\n<div id=\"attachment_5795\" style=\"width: 310px\" class=\"wp-caption alignleft\"><img loading=\"lazy\" decoding=\"async\" aria-describedby=\"caption-attachment-5795\" class=\"size-medium wp-image-5795\" src=\"http:\/\/www.elainklinikkakotisalo.fi\/milfeddyg\/wp-content\/uploads\/2025\/11\/IMG_0675-300x187.jpg\" alt=\"\" width=\"300\" height=\"187\" srcset=\"http:\/\/www.elainklinikkakotisalo.fi\/milfeddyg\/wp-content\/uploads\/2025\/11\/IMG_0675-300x187.jpg 300w, http:\/\/www.elainklinikkakotisalo.fi\/milfeddyg\/wp-content\/uploads\/2025\/11\/IMG_0675-768x478.jpg 768w, http:\/\/www.elainklinikkakotisalo.fi\/milfeddyg\/wp-content\/uploads\/2025\/11\/IMG_0675.jpg 1024w\" sizes=\"auto, (max-width: 300px) 100vw, 300px\" \/><p id=\"caption-attachment-5795\" class=\"wp-caption-text\">Tinja<\/p><\/div>\n<p>&nbsp;<\/p>\n<p><img loading=\"lazy\" decoding=\"async\" class=\"alignright size-medium wp-image-5822\" src=\"http:\/\/www.elainklinikkakotisalo.fi\/milfeddyg\/wp-content\/uploads\/2026\/04\/20260401_162438-300x254.jpg\" alt=\"\" width=\"300\" height=\"254\" srcset=\"http:\/\/www.elainklinikkakotisalo.fi\/milfeddyg\/wp-content\/uploads\/2026\/04\/20260401_162438-300x254.jpg 300w, http:\/\/www.elainklinikkakotisalo.fi\/milfeddyg\/wp-content\/uploads\/2026\/04\/20260401_162438.jpg 756w\" sizes=\"auto, (max-width: 300px) 100vw, 300px\" \/><\/p>\n<p>&nbsp;<\/p>\n<p>&nbsp;<\/p>\n<p>&nbsp;<\/p>\n<p>&nbsp;<\/p>\n<p>&nbsp;<\/p>\n<p>&nbsp;<\/p>\n<p>&nbsp;<\/p>\n<p>Terveystulokset:<\/p>\n<p>silm\u00e4t : ei perinn\u00f6llisi\u00e4 silm\u00e4sairauksia<\/p>\n<p>polvet: ei patellaluksaatiota<\/p>\n<p>lonkat B\/B<\/p>\n<p>selk\u00e4: VA0, SP0, LTV0, IDD0<\/p>\n<p>kyyn\u00e4r\u00e4t 0\/0<\/p>\n<p>geenitutkimukset:<\/p>\n<p>Embark &#8211; geenikartoitus tehty<\/p>\n<p>HNM- vapaa<\/p>\n<p>PM1-vapaa<\/p>\n<p>CDDY\/ CDDY = homozygootti<\/p>\n<p>Ulkomuodon jalostustarkastus hyv\u00e4ksytty, k\u00e4ytt\u00e4ytymisen jalostustarkastus hyl\u00e4tty ( haukkui ihmisjoukkoa innoissaan)<\/p>\n<p>Tinja harrastaa nose workia ja on saanut jo 1-luokassa 100 pisteen tuloksia.<\/p>\n<p>Tinja on energinen, koira- ja ihmissosiaalinen pieni koira.<\/p>\n<p>&nbsp;<\/p>\n<p><strong>is\u00e4\u00a0<\/strong><\/p>\n<p><strong>Mendikan Metka Lois-To-Gero<\/strong><\/p>\n<p><a href=\"https:\/\/jalostus.kennelliitto.fi\/frmKoira.aspx?RekNo=FI17501%2F21&amp;R=314\">https:\/\/jalostus.kennelliitto.fi\/frmKoira.aspx?RekNo=FI17501%2F21&amp;R=314<\/a><\/p>\n<p><img loading=\"lazy\" decoding=\"async\" class=\"alignleft size-medium wp-image-5801\" src=\"http:\/\/www.elainklinikkakotisalo.fi\/milfeddyg\/wp-content\/uploads\/2025\/12\/c1459dce-e696-4abb-951e-59f9f8a5ed9d2-300x212.jpg\" alt=\"\" width=\"300\" height=\"212\" srcset=\"http:\/\/www.elainklinikkakotisalo.fi\/milfeddyg\/wp-content\/uploads\/2025\/12\/c1459dce-e696-4abb-951e-59f9f8a5ed9d2-300x212.jpg 300w, http:\/\/www.elainklinikkakotisalo.fi\/milfeddyg\/wp-content\/uploads\/2025\/12\/c1459dce-e696-4abb-951e-59f9f8a5ed9d2-768x542.jpg 768w, http:\/\/www.elainklinikkakotisalo.fi\/milfeddyg\/wp-content\/uploads\/2025\/12\/c1459dce-e696-4abb-951e-59f9f8a5ed9d2.jpg 1024w\" sizes=\"auto, (max-width: 300px) 100vw, 300px\" \/><\/p>\n<p>&nbsp;<\/p>\n<p><img loading=\"lazy\" decoding=\"async\" class=\"alignright size-medium wp-image-5823\" src=\"http:\/\/www.elainklinikkakotisalo.fi\/milfeddyg\/wp-content\/uploads\/2026\/04\/82973bd2-42a0-483d-b658-6266863eb6a7-300x285.jpg\" alt=\"\" width=\"300\" height=\"285\" srcset=\"http:\/\/www.elainklinikkakotisalo.fi\/milfeddyg\/wp-content\/uploads\/2026\/04\/82973bd2-42a0-483d-b658-6266863eb6a7-300x285.jpg 300w, http:\/\/www.elainklinikkakotisalo.fi\/milfeddyg\/wp-content\/uploads\/2026\/04\/82973bd2-42a0-483d-b658-6266863eb6a7-768x730.jpg 768w, http:\/\/www.elainklinikkakotisalo.fi\/milfeddyg\/wp-content\/uploads\/2026\/04\/82973bd2-42a0-483d-b658-6266863eb6a7.jpg 815w\" sizes=\"auto, (max-width: 300px) 100vw, 300px\" \/><\/p>\n<p>&nbsp;<\/p>\n<p>&nbsp;<\/p>\n<p>&nbsp;<\/p>\n<p>&nbsp;<\/p>\n<p>&nbsp;<\/p>\n<p>&nbsp;<\/p>\n<p>&nbsp;<\/p>\n<p>&nbsp;<\/p>\n<p>terveystulokset:<\/p>\n<p>silm\u00e4t : ei perinn\u00f6llisi\u00e4 silm\u00e4sairauksia<\/p>\n<p>polvet 0\/0<\/p>\n<p>lonkat A\/A<\/p>\n<p>geenitutkimukset:<\/p>\n<p>HNM-vapaa<\/p>\n<p>PM1-kantaja<\/p>\n<p>CDDY N\/N=vapaa geenimutaatiosta<\/p>\n<p>MyDogDNA- geenikartoitus tehty<\/p>\n<p>MH-koe suoritettu, ulkomuodon jalostustarkastus hyv\u00e4ksytty.<\/p>\n<p>&nbsp;<\/p>\n<p><strong>Pennut\u00a0<\/strong><\/p>\n<p>Milfeddyg Metjan Lehtoaamunkoi &#8221;Haru&#8221;\u00a0 <a href=\"https:\/\/jalostus.kennelliitto.fi\/frmKoira.aspx?RekNo=ER17418\/26&amp;R=314\">https:\/\/jalostus.kennelliitto.fi\/frmKoira.aspx?RekNo=ER17418\/26&amp;R=314<\/a><\/p>\n<div id=\"attachment_5824\" style=\"width: 310px\" class=\"wp-caption alignleft\"><img loading=\"lazy\" decoding=\"async\" aria-describedby=\"caption-attachment-5824\" class=\"size-medium wp-image-5824\" src=\"http:\/\/www.elainklinikkakotisalo.fi\/milfeddyg\/wp-content\/uploads\/2026\/04\/20260417_1314432-300x207.jpg\" alt=\"\" width=\"300\" height=\"207\" srcset=\"http:\/\/www.elainklinikkakotisalo.fi\/milfeddyg\/wp-content\/uploads\/2026\/04\/20260417_1314432-300x207.jpg 300w, http:\/\/www.elainklinikkakotisalo.fi\/milfeddyg\/wp-content\/uploads\/2026\/04\/20260417_1314432-768x529.jpg 768w, http:\/\/www.elainklinikkakotisalo.fi\/milfeddyg\/wp-content\/uploads\/2026\/04\/20260417_1314432.jpg 931w\" sizes=\"auto, (max-width: 300px) 100vw, 300px\" \/><p id=\"caption-attachment-5824\" class=\"wp-caption-text\">Haru<\/p><\/div>\n<p><img loading=\"lazy\" decoding=\"async\" class=\"alignright size-medium wp-image-5825\" src=\"http:\/\/www.elainklinikkakotisalo.fi\/milfeddyg\/wp-content\/uploads\/2026\/04\/20260417_1315462-267x300.jpg\" alt=\"\" width=\"267\" height=\"300\" srcset=\"http:\/\/www.elainklinikkakotisalo.fi\/milfeddyg\/wp-content\/uploads\/2026\/04\/20260417_1315462-267x300.jpg 267w, http:\/\/www.elainklinikkakotisalo.fi\/milfeddyg\/wp-content\/uploads\/2026\/04\/20260417_1315462.jpg 570w\" sizes=\"auto, (max-width: 267px) 100vw, 267px\" \/><\/p>\n<p>&nbsp;<\/p>\n<p>&nbsp;<\/p>\n<p>&nbsp;<\/p>\n<p>&nbsp;<\/p>\n<p>&nbsp;<\/p>\n<p>&nbsp;<\/p>\n<p>&nbsp;<\/p>\n<p>&nbsp;<\/p>\n<p>&nbsp;<\/p>\n<p>Milfeddyg Metjan Niittyaamunkoi &#8221;Nova&#8221;\u00a0 <a href=\"https:\/\/jalostus.kennelliitto.fi\/frmKoira.aspx?RekNo=ER17420%2F26&amp;R=314\">https:\/\/jalostus.kennelliitto.fi\/frmKoira.aspx?RekNo=ER17420%2F26&amp;R=314<\/a><\/p>\n<div id=\"attachment_5826\" style=\"width: 310px\" class=\"wp-caption alignleft\"><img loading=\"lazy\" decoding=\"async\" aria-describedby=\"caption-attachment-5826\" class=\"size-medium wp-image-5826\" src=\"http:\/\/www.elainklinikkakotisalo.fi\/milfeddyg\/wp-content\/uploads\/2026\/04\/20260417_1318202-300x207.jpg\" alt=\"\" width=\"300\" height=\"207\" srcset=\"http:\/\/www.elainklinikkakotisalo.fi\/milfeddyg\/wp-content\/uploads\/2026\/04\/20260417_1318202-300x207.jpg 300w, http:\/\/www.elainklinikkakotisalo.fi\/milfeddyg\/wp-content\/uploads\/2026\/04\/20260417_1318202-768x530.jpg 768w, http:\/\/www.elainklinikkakotisalo.fi\/milfeddyg\/wp-content\/uploads\/2026\/04\/20260417_1318202.jpg 928w\" sizes=\"auto, (max-width: 300px) 100vw, 300px\" \/><p id=\"caption-attachment-5826\" class=\"wp-caption-text\">Nova<\/p><\/div>\n<p>&nbsp;<\/p>\n<p><img loading=\"lazy\" decoding=\"async\" class=\"alignright size-medium wp-image-5827\" src=\"http:\/\/www.elainklinikkakotisalo.fi\/milfeddyg\/wp-content\/uploads\/2026\/04\/20260417_1318472-294x300.jpg\" alt=\"\" width=\"294\" height=\"300\" srcset=\"http:\/\/www.elainklinikkakotisalo.fi\/milfeddyg\/wp-content\/uploads\/2026\/04\/20260417_1318472-294x300.jpg 294w, http:\/\/www.elainklinikkakotisalo.fi\/milfeddyg\/wp-content\/uploads\/2026\/04\/20260417_1318472.jpg 628w\" sizes=\"auto, (max-width: 294px) 100vw, 294px\" \/><\/p>\n<p>&nbsp;<\/p>\n<p>&nbsp;<\/p>\n<p>&nbsp;<\/p>\n<p>&nbsp;<\/p>\n<p>&nbsp;<\/p>\n<p>&nbsp;<\/p>\n<p>&nbsp;<\/p>\n<p>&nbsp;<\/p>\n<p>&nbsp;<\/p>\n<p>Milfeddyg Metjan Sumuaamunkoi &#8221; Hupi&#8221; <a href=\"https:\/\/jalostus.kennelliitto.fi\/frmKoira.aspx?RekNo=ER17419%2F26&amp;R=314\">https:\/\/jalostus.kennelliitto.fi\/frmKoira.aspx?RekNo=ER17419%2F26&amp;R=314<\/a><\/p>\n<div id=\"attachment_5828\" style=\"width: 310px\" class=\"wp-caption alignleft\"><img loading=\"lazy\" decoding=\"async\" aria-describedby=\"caption-attachment-5828\" class=\"size-medium wp-image-5828\" src=\"http:\/\/www.elainklinikkakotisalo.fi\/milfeddyg\/wp-content\/uploads\/2026\/04\/20260417_1322362-300x232.jpg\" alt=\"\" width=\"300\" height=\"232\" srcset=\"http:\/\/www.elainklinikkakotisalo.fi\/milfeddyg\/wp-content\/uploads\/2026\/04\/20260417_1322362-300x232.jpg 300w, http:\/\/www.elainklinikkakotisalo.fi\/milfeddyg\/wp-content\/uploads\/2026\/04\/20260417_1322362-768x593.jpg 768w, http:\/\/www.elainklinikkakotisalo.fi\/milfeddyg\/wp-content\/uploads\/2026\/04\/20260417_1322362.jpg 830w\" sizes=\"auto, (max-width: 300px) 100vw, 300px\" \/><p id=\"caption-attachment-5828\" class=\"wp-caption-text\">Hupi<\/p><\/div>\n<p>&nbsp;<\/p>\n<p><img loading=\"lazy\" decoding=\"async\" class=\"alignnone size-medium wp-image-5829\" src=\"http:\/\/www.elainklinikkakotisalo.fi\/milfeddyg\/wp-content\/uploads\/2026\/04\/20260417_1324522-300x288.jpg\" alt=\"\" width=\"300\" height=\"288\" srcset=\"http:\/\/www.elainklinikkakotisalo.fi\/milfeddyg\/wp-content\/uploads\/2026\/04\/20260417_1324522-300x288.jpg 300w, http:\/\/www.elainklinikkakotisalo.fi\/milfeddyg\/wp-content\/uploads\/2026\/04\/20260417_1324522.jpg 668w\" sizes=\"auto, (max-width: 300px) 100vw, 300px\" \/><\/p>\n<p>&nbsp;<\/p>\n<p>Milfeddyg Metjan K\u00e4tk\u00f6aamunkoi &#8221;Simo&#8221;<a href=\"https:\/\/jalostus.kennelliitto.fi\/frmKoira.aspx?RekNo=ER17421%2F26&amp;R=314\"> https:\/\/jalostus.kennelliitto.fi\/frmKoira.aspx?RekNo=ER17421%2F26&amp;R=314<\/a><\/p>\n<div id=\"attachment_5830\" style=\"width: 310px\" class=\"wp-caption alignleft\"><img loading=\"lazy\" decoding=\"async\" aria-describedby=\"caption-attachment-5830\" class=\"size-medium wp-image-5830\" src=\"http:\/\/www.elainklinikkakotisalo.fi\/milfeddyg\/wp-content\/uploads\/2026\/04\/20260417_1321152-300x216.jpg\" alt=\"\" width=\"300\" height=\"216\" srcset=\"http:\/\/www.elainklinikkakotisalo.fi\/milfeddyg\/wp-content\/uploads\/2026\/04\/20260417_1321152-300x216.jpg 300w, http:\/\/www.elainklinikkakotisalo.fi\/milfeddyg\/wp-content\/uploads\/2026\/04\/20260417_1321152-768x552.jpg 768w, http:\/\/www.elainklinikkakotisalo.fi\/milfeddyg\/wp-content\/uploads\/2026\/04\/20260417_1321152.jpg 892w\" sizes=\"auto, (max-width: 300px) 100vw, 300px\" \/><p id=\"caption-attachment-5830\" class=\"wp-caption-text\">Simo<\/p><\/div>\n<p><img loading=\"lazy\" decoding=\"async\" class=\"alignright size-medium wp-image-5831\" src=\"http:\/\/www.elainklinikkakotisalo.fi\/milfeddyg\/wp-content\/uploads\/2026\/04\/20260417_1322012-290x300.jpg\" alt=\"\" width=\"290\" height=\"300\" srcset=\"http:\/\/www.elainklinikkakotisalo.fi\/milfeddyg\/wp-content\/uploads\/2026\/04\/20260417_1322012-290x300.jpg 290w, http:\/\/www.elainklinikkakotisalo.fi\/milfeddyg\/wp-content\/uploads\/2026\/04\/20260417_1322012.jpg 620w\" sizes=\"auto, (max-width: 290px) 100vw, 290px\" \/><\/p>\n<p>&nbsp;<\/p>\n<p>&nbsp;<\/p>\n<p>&nbsp;<\/p>\n<p>&nbsp;<\/p>\n<p>&nbsp;<\/p>\n<p>&nbsp;<\/p>\n<p>&nbsp;<\/p>\n<p>&nbsp;<\/p>\n<p>&nbsp;<\/p>\n<p>&nbsp;<\/p>\n<p>&nbsp;<\/p>\n<p>&nbsp;<\/p>\n<p>&nbsp;<\/p>\n<p>&nbsp;<\/p>\n","protected":false},"excerpt":{"rendered":"<p>Toisen\u00a0 sukupolven kooikerhondje-phalene risteytyspentue s. 21.2.2026 emo\u00a0 Milfeddyg Lampronia Fuscatella &#8221;Tinja&#8221;\u00a0 https:\/\/jalostus.kennelliitto.fi\/frmKoira.aspx?RekNo=ER48292%2F22&amp;R=314 &nbsp; &nbsp; &nbsp; &nbsp; &nbsp; &nbsp; &nbsp; &nbsp; Terveystulokset: silm\u00e4t : ei perinn\u00f6llisi\u00e4 silm\u00e4sairauksia polvet: ei patellaluksaatiota lonkat B\/B selk\u00e4: VA0, SP0, LTV0, IDD0 kyyn\u00e4r\u00e4t 0\/0 geenitutkimukset: Embark &#8211; geenikartoitus tehty HNM- vapaa PM1-vapaa CDDY\/ CDDY = homozygootti Ulkomuodon jalostustarkastus hyv\u00e4ksytty, k\u00e4ytt\u00e4ytymisen jalostustarkastus [&hellip;]<\/p>\n","protected":false},"author":3,"featured_media":0,"parent":229,"menu_order":17,"comment_status":"closed","ping_status":"closed","template":"","meta":{"footnotes":""},"class_list":["post-5821","page","type-page","status-publish","hentry"],"_links":{"self":[{"href":"http:\/\/www.elainklinikkakotisalo.fi\/milfeddyg\/wp-json\/wp\/v2\/pages\/5821","targetHints":{"allow":["GET"]}}],"collection":[{"href":"http:\/\/www.elainklinikkakotisalo.fi\/milfeddyg\/wp-json\/wp\/v2\/pages"}],"about":[{"href":"http:\/\/www.elainklinikkakotisalo.fi\/milfeddyg\/wp-json\/wp\/v2\/types\/page"}],"author":[{"embeddable":true,"href":"http:\/\/www.elainklinikkakotisalo.fi\/milfeddyg\/wp-json\/wp\/v2\/users\/3"}],"replies":[{"embeddable":true,"href":"http:\/\/www.elainklinikkakotisalo.fi\/milfeddyg\/wp-json\/wp\/v2\/comments?post=5821"}],"version-history":[{"count":2,"href":"http:\/\/www.elainklinikkakotisalo.fi\/milfeddyg\/wp-json\/wp\/v2\/pages\/5821\/revisions"}],"predecessor-version":[{"id":5833,"href":"http:\/\/www.elainklinikkakotisalo.fi\/milfeddyg\/wp-json\/wp\/v2\/pages\/5821\/revisions\/5833"}],"up":[{"embeddable":true,"href":"http:\/\/www.elainklinikkakotisalo.fi\/milfeddyg\/wp-json\/wp\/v2\/pages\/229"}],"wp:attachment":[{"href":"http:\/\/www.elainklinikkakotisalo.fi\/milfeddyg\/wp-json\/wp\/v2\/media?parent=5821"}],"curies":[{"name":"wp","href":"https:\/\/api.w.org\/{rel}","templated":true}]}}