{"id":5748,"date":"2024-12-25T13:46:44","date_gmt":"2024-12-25T11:46:44","guid":{"rendered":"http:\/\/www.elainklinikkakotisalo.fi\/milfeddyg\/?page_id=5748"},"modified":"2024-12-26T13:52:19","modified_gmt":"2024-12-26T11:52:19","slug":"pwntue-15-woikkeri-pentue-f2-sukupolvi","status":"publish","type":"page","link":"http:\/\/www.elainklinikkakotisalo.fi\/milfeddyg\/pentueet\/kooikerhondje\/pwntue-15-woikkeri-pentue-f2-sukupolvi\/","title":{"rendered":"PENTUE 15 ; WOIKKERI PENTUE F2 -SUKUPOLVI"},"content":{"rendered":"<p>syntynyt 23.6.2024<\/p>\n<p>&nbsp;<\/p>\n<p>Emo<\/p>\n<p>F1-sukupolven risteytyskoira<\/p>\n<p>Milfeddyg Uuden Ajan Kev\u00e4tverso &#8221;Kookos&#8221;<\/p>\n<p><a href=\"https:\/\/jalostus.kennelliitto.fi\/frmKoira.aspx?RekNo=ER35243\/21&amp;R=314\">https:\/\/jalostus.kennelliitto.fi\/frmKoira.aspx?RekNo=ER35243\/21&amp;R=314<\/a><\/p>\n<p>terveystulokset: lonkat A\/A, polvet 0\/0 1.5.2024, selk\u00e4: VA0, SP0, IVDD0, LTV1, silm\u00e4t RD multifokaali 22.4.2023<\/p>\n<p>geenitutkimukset : ENM-kantaja, PM-vapaa, My dog DNA tehty<\/p>\n<p>MH-suoritettu, k\u00e4ytt\u00e4ytymisen ja ulkomuodon jalostustarkastus hyv\u00e4ksytty<\/p>\n<p>Harrastaa agilitya<\/p>\n<p><img loading=\"lazy\" decoding=\"async\" class=\"alignleft size-medium wp-image-5756\" src=\"http:\/\/www.elainklinikkakotisalo.fi\/milfeddyg\/wp-content\/uploads\/2024\/12\/Kookos-kalliolla-300x225.jpg\" alt=\"\" width=\"300\" height=\"225\" srcset=\"http:\/\/www.elainklinikkakotisalo.fi\/milfeddyg\/wp-content\/uploads\/2024\/12\/Kookos-kalliolla-300x225.jpg 300w, http:\/\/www.elainklinikkakotisalo.fi\/milfeddyg\/wp-content\/uploads\/2024\/12\/Kookos-kalliolla-768x576.jpg 768w, http:\/\/www.elainklinikkakotisalo.fi\/milfeddyg\/wp-content\/uploads\/2024\/12\/Kookos-kalliolla.jpg 1024w\" sizes=\"auto, (max-width: 300px) 100vw, 300px\" \/><img loading=\"lazy\" decoding=\"async\" class=\"alignright size-medium wp-image-5755\" src=\"http:\/\/www.elainklinikkakotisalo.fi\/milfeddyg\/wp-content\/uploads\/2024\/12\/kookos-miettii--300x146.jpg\" alt=\"\" width=\"300\" height=\"146\" srcset=\"http:\/\/www.elainklinikkakotisalo.fi\/milfeddyg\/wp-content\/uploads\/2024\/12\/kookos-miettii--300x146.jpg 300w, http:\/\/www.elainklinikkakotisalo.fi\/milfeddyg\/wp-content\/uploads\/2024\/12\/kookos-miettii--768x374.jpg 768w, http:\/\/www.elainklinikkakotisalo.fi\/milfeddyg\/wp-content\/uploads\/2024\/12\/kookos-miettii-.jpg 1024w\" sizes=\"auto, (max-width: 300px) 100vw, 300px\" \/><\/p>\n<p>&nbsp;<\/p>\n<p>&nbsp;<\/p>\n<p>&nbsp;<\/p>\n<p>&nbsp;<\/p>\n<p>&nbsp;<\/p>\n<p>&nbsp;<\/p>\n<p>&nbsp;<\/p>\n<p>Is\u00e4 1.<\/p>\n<p>kooikerhondje uros<\/p>\n<p>Lucky Nan\u00b4s Captiosus Decorum &#8221;Deco&#8221;<\/p>\n<p><a href=\"https:\/\/jalostus.kennelliitto.fi\/frmKoira.aspx?RekNo=FI53087\/18&amp;R=314\">https:\/\/jalostus.kennelliitto.fi\/frmKoira.aspx?RekNo=FI53087\/18&amp;R=314<\/a><\/p>\n<p>terveystylokset: lonkat B\/A, polvet 0\/0 15.11.2023, selk\u00e4 VA0, SP0, LTV0, silm\u00e4t ok 15.11.2023<\/p>\n<p>geenitutkimukset: ENM-vapaa, PM-vapaa, Embark tehty.<\/p>\n<p>FIN MVA, harrastaa agilitya<\/p>\n<div id=\"attachment_5648\" style=\"width: 310px\" class=\"wp-caption alignleft\"><img loading=\"lazy\" decoding=\"async\" aria-describedby=\"caption-attachment-5648\" class=\"size-medium wp-image-5648\" src=\"http:\/\/www.elainklinikkakotisalo.fi\/milfeddyg\/wp-content\/uploads\/2024\/04\/Deco-7-300x201.jpg\" alt=\"\" width=\"300\" height=\"201\" srcset=\"http:\/\/www.elainklinikkakotisalo.fi\/milfeddyg\/wp-content\/uploads\/2024\/04\/Deco-7-300x201.jpg 300w, http:\/\/www.elainklinikkakotisalo.fi\/milfeddyg\/wp-content\/uploads\/2024\/04\/Deco-7.jpg 721w\" sizes=\"auto, (max-width: 300px) 100vw, 300px\" \/><p id=\"caption-attachment-5648\" class=\"wp-caption-text\">Deco<\/p><\/div>\n<p>&nbsp;<\/p>\n<p>&nbsp;<\/p>\n<div id=\"attachment_5647\" style=\"width: 239px\" class=\"wp-caption alignright\"><img loading=\"lazy\" decoding=\"async\" aria-describedby=\"caption-attachment-5647\" class=\"size-medium wp-image-5647\" src=\"http:\/\/www.elainklinikkakotisalo.fi\/milfeddyg\/wp-content\/uploads\/2024\/04\/IMG-20231020-WA0007-2-229x300.jpg\" alt=\"\" width=\"229\" height=\"300\" srcset=\"http:\/\/www.elainklinikkakotisalo.fi\/milfeddyg\/wp-content\/uploads\/2024\/04\/IMG-20231020-WA0007-2-229x300.jpg 229w, http:\/\/www.elainklinikkakotisalo.fi\/milfeddyg\/wp-content\/uploads\/2024\/04\/IMG-20231020-WA0007-2-768x1008.jpg 768w, http:\/\/www.elainklinikkakotisalo.fi\/milfeddyg\/wp-content\/uploads\/2024\/04\/IMG-20231020-WA0007-2.jpg 780w\" sizes=\"auto, (max-width: 229px) 100vw, 229px\" \/><p id=\"caption-attachment-5647\" class=\"wp-caption-text\">deco<\/p><\/div>\n<p>&nbsp;<\/p>\n<p>&nbsp;<\/p>\n<p>&nbsp;<\/p>\n<p>&nbsp;<\/p>\n<p>&nbsp;<\/p>\n<p>&nbsp;<\/p>\n<p>&nbsp;<\/p>\n<p>&nbsp;<\/p>\n<p>&nbsp;<\/p>\n<p>&nbsp;<\/p>\n<p>is\u00e4 2.<\/p>\n<p>kooikerhondje uros<\/p>\n<p>Mendikan Inovi-Ipa Binja eli &#8221;Ipa&#8221;<\/p>\n<p><a href=\"https:\/\/jalostus.kennelliitto.fi\/frmKoira.aspx?RekNo=FI30289%2F18&amp;R=314\">https:\/\/jalostus.kennelliitto.fi\/frmKoira.aspx?RekNo=FI30289%2F18&amp;R=314<\/a><\/p>\n<p>Terveystylokset: lonkat A\/A, polvet 0\/0 23.1.2023, silm\u00e4t terveet 16.12.2023, kyyn\u00e4r\u00e4t 0\/0<\/p>\n<p>geenitutkimukset: ENM-vapaa, PM-kantaja heterozygootti, MyDogDNA tehty<\/p>\n<p>n\u00e4yttelyst\u00e4 EH, kilpailee agilitya medi 3-luokassa<\/p>\n<div id=\"attachment_5651\" style=\"width: 310px\" class=\"wp-caption alignleft\"><img loading=\"lazy\" decoding=\"async\" aria-describedby=\"caption-attachment-5651\" class=\"size-medium wp-image-5651\" src=\"http:\/\/www.elainklinikkakotisalo.fi\/milfeddyg\/wp-content\/uploads\/2024\/04\/ipa14012023-300x202.jpg\" alt=\"\" width=\"300\" height=\"202\" srcset=\"http:\/\/www.elainklinikkakotisalo.fi\/milfeddyg\/wp-content\/uploads\/2024\/04\/ipa14012023-300x202.jpg 300w, http:\/\/www.elainklinikkakotisalo.fi\/milfeddyg\/wp-content\/uploads\/2024\/04\/ipa14012023-768x518.jpg 768w, http:\/\/www.elainklinikkakotisalo.fi\/milfeddyg\/wp-content\/uploads\/2024\/04\/ipa14012023.jpg 1024w\" sizes=\"auto, (max-width: 300px) 100vw, 300px\" \/><p id=\"caption-attachment-5651\" class=\"wp-caption-text\">Ipa<\/p><\/div>\n<p>&nbsp;<\/p>\n<p><img loading=\"lazy\" decoding=\"async\" class=\"alignright size-medium wp-image-5652\" src=\"http:\/\/www.elainklinikkakotisalo.fi\/milfeddyg\/wp-content\/uploads\/2024\/04\/20240422_202804-300x209.jpg\" alt=\"\" width=\"300\" height=\"209\" srcset=\"http:\/\/www.elainklinikkakotisalo.fi\/milfeddyg\/wp-content\/uploads\/2024\/04\/20240422_202804-300x209.jpg 300w, http:\/\/www.elainklinikkakotisalo.fi\/milfeddyg\/wp-content\/uploads\/2024\/04\/20240422_202804-768x535.jpg 768w, http:\/\/www.elainklinikkakotisalo.fi\/milfeddyg\/wp-content\/uploads\/2024\/04\/20240422_202804.jpg 1024w\" sizes=\"auto, (max-width: 300px) 100vw, 300px\" \/><\/p>\n<p>&nbsp;<\/p>\n<p>&nbsp;<\/p>\n<p>&nbsp;<\/p>\n<p>&nbsp;<\/p>\n<p>&nbsp;<\/p>\n<p>&nbsp;<\/p>\n<p>&nbsp;<\/p>\n<p>&nbsp;<\/p>\n<p>Decon pennut<\/p>\n<p>Milfeddyg Woikkerin Laulava Lauri eli &#8221;Valto&#8221;<\/p>\n<p><a href=\"https:\/\/jalostus.kennelliitto.fi\/frmKoira.aspx?RekNo=ER40296\/24&amp;R=314\">https:\/\/jalostus.kennelliitto.fi\/frmKoira.aspx?RekNo=ER40296\/24&amp;R=314<\/a><\/p>\n<div id=\"attachment_5759\" style=\"width: 310px\" class=\"wp-caption alignright\"><img loading=\"lazy\" decoding=\"async\" aria-describedby=\"caption-attachment-5759\" class=\"wp-image-5759 size-medium\" src=\"http:\/\/www.elainklinikkakotisalo.fi\/milfeddyg\/wp-content\/uploads\/2024\/12\/Valto-6-kk--300x222.jpg\" alt=\"\" width=\"300\" height=\"222\" srcset=\"http:\/\/www.elainklinikkakotisalo.fi\/milfeddyg\/wp-content\/uploads\/2024\/12\/Valto-6-kk--300x222.jpg 300w, http:\/\/www.elainklinikkakotisalo.fi\/milfeddyg\/wp-content\/uploads\/2024\/12\/Valto-6-kk--768x568.jpg 768w, http:\/\/www.elainklinikkakotisalo.fi\/milfeddyg\/wp-content\/uploads\/2024\/12\/Valto-6-kk-.jpg 1024w\" sizes=\"auto, (max-width: 300px) 100vw, 300px\" \/><p id=\"caption-attachment-5759\" class=\"wp-caption-text\">Valto 6 kk<\/p><\/div>\n<p>uros<\/p>\n<p><img loading=\"lazy\" decoding=\"async\" class=\"alignleft size-medium wp-image-5767\" src=\"http:\/\/www.elainklinikkakotisalo.fi\/milfeddyg\/wp-content\/uploads\/2024\/12\/Valto-kohti-300x233.jpg\" alt=\"\" width=\"300\" height=\"233\" srcset=\"http:\/\/www.elainklinikkakotisalo.fi\/milfeddyg\/wp-content\/uploads\/2024\/12\/Valto-kohti-300x233.jpg 300w, http:\/\/www.elainklinikkakotisalo.fi\/milfeddyg\/wp-content\/uploads\/2024\/12\/Valto-kohti-768x598.jpg 768w, http:\/\/www.elainklinikkakotisalo.fi\/milfeddyg\/wp-content\/uploads\/2024\/12\/Valto-kohti.jpg 1024w\" sizes=\"auto, (max-width: 300px) 100vw, 300px\" \/><\/p>\n<p>&nbsp;<\/p>\n<p>&nbsp;<\/p>\n<p>&nbsp;<\/p>\n<p>&nbsp;<\/p>\n<p>&nbsp;<\/p>\n<p>&nbsp;<\/p>\n<p>&nbsp;<\/p>\n<p>&nbsp;<\/p>\n<p>Milfeddyg Woikkerin Touhu Tuomas eli &#8221;Kiwi&#8221;<\/p>\n<div id=\"attachment_5768\" style=\"width: 310px\" class=\"wp-caption alignright\"><img loading=\"lazy\" decoding=\"async\" aria-describedby=\"caption-attachment-5768\" class=\"size-medium wp-image-5768\" src=\"http:\/\/www.elainklinikkakotisalo.fi\/milfeddyg\/wp-content\/uploads\/2024\/12\/Kiwi-6-kk-300x300.jpg\" alt=\"\" width=\"300\" height=\"300\" srcset=\"http:\/\/www.elainklinikkakotisalo.fi\/milfeddyg\/wp-content\/uploads\/2024\/12\/Kiwi-6-kk-300x300.jpg 300w, http:\/\/www.elainklinikkakotisalo.fi\/milfeddyg\/wp-content\/uploads\/2024\/12\/Kiwi-6-kk-150x150.jpg 150w, http:\/\/www.elainklinikkakotisalo.fi\/milfeddyg\/wp-content\/uploads\/2024\/12\/Kiwi-6-kk-768x768.jpg 768w, http:\/\/www.elainklinikkakotisalo.fi\/milfeddyg\/wp-content\/uploads\/2024\/12\/Kiwi-6-kk.jpg 1024w\" sizes=\"auto, (max-width: 300px) 100vw, 300px\" \/><p id=\"caption-attachment-5768\" class=\"wp-caption-text\">Kiwi 6 kk<\/p><\/div>\n<p><a href=\"https:\/\/jalostus.kennelliitto.fi\/frmKoira.aspx?RekNo=ER40297\/24&amp;R=314\">https:\/\/jalostus.kennelliitto.fi\/frmKoira.aspx?RekNo=ER40297\/24&amp;R=314<\/a><\/p>\n<p>uros<\/p>\n<p><img loading=\"lazy\" decoding=\"async\" class=\"alignleft size-medium wp-image-5779\" src=\"http:\/\/www.elainklinikkakotisalo.fi\/milfeddyg\/wp-content\/uploads\/2024\/12\/Kiwi-6-kk-paa-300x300.jpg\" alt=\"\" width=\"300\" height=\"300\" srcset=\"http:\/\/www.elainklinikkakotisalo.fi\/milfeddyg\/wp-content\/uploads\/2024\/12\/Kiwi-6-kk-paa-300x300.jpg 300w, http:\/\/www.elainklinikkakotisalo.fi\/milfeddyg\/wp-content\/uploads\/2024\/12\/Kiwi-6-kk-paa-150x150.jpg 150w, http:\/\/www.elainklinikkakotisalo.fi\/milfeddyg\/wp-content\/uploads\/2024\/12\/Kiwi-6-kk-paa-768x768.jpg 768w, http:\/\/www.elainklinikkakotisalo.fi\/milfeddyg\/wp-content\/uploads\/2024\/12\/Kiwi-6-kk-paa.jpg 1024w\" sizes=\"auto, (max-width: 300px) 100vw, 300px\" \/><\/p>\n<p>&nbsp;<\/p>\n<p>&nbsp;<\/p>\n<p>&nbsp;<\/p>\n<p>&nbsp;<\/p>\n<p>&nbsp;<\/p>\n<p>&nbsp;<\/p>\n<p>&nbsp;<\/p>\n<p>&nbsp;<\/p>\n<p>&nbsp;<\/p>\n<p>Ipan pennut<\/p>\n<p>Milfeddyg Woikkerin Ajatteleva Aapo &#8221; Ere&#8221;<\/p>\n<p><a href=\"https:\/\/jalostus.kennelliitto.fi\/frmKoira.aspx?RekNo=ER40293\/24&amp;R=314\">https:\/\/jalostus.kennelliitto.fi\/frmKoira.aspx?RekNo=ER40293\/24&amp;R=314<\/a><\/p>\n<p>uros<\/p>\n<div id=\"attachment_5790\" style=\"width: 310px\" class=\"wp-caption alignleft\"><img loading=\"lazy\" decoding=\"async\" aria-describedby=\"caption-attachment-5790\" class=\"size-medium wp-image-5790\" src=\"http:\/\/www.elainklinikkakotisalo.fi\/milfeddyg\/wp-content\/uploads\/2024\/12\/Ere-6-kk-katse-300x225.jpg\" alt=\"\" width=\"300\" height=\"225\" srcset=\"http:\/\/www.elainklinikkakotisalo.fi\/milfeddyg\/wp-content\/uploads\/2024\/12\/Ere-6-kk-katse-300x225.jpg 300w, http:\/\/www.elainklinikkakotisalo.fi\/milfeddyg\/wp-content\/uploads\/2024\/12\/Ere-6-kk-katse-768x576.jpg 768w, http:\/\/www.elainklinikkakotisalo.fi\/milfeddyg\/wp-content\/uploads\/2024\/12\/Ere-6-kk-katse.jpg 1024w\" sizes=\"auto, (max-width: 300px) 100vw, 300px\" \/><p id=\"caption-attachment-5790\" class=\"wp-caption-text\">Ere<\/p><\/div>\n<p>&nbsp;<\/p>\n<div id=\"attachment_5766\" style=\"width: 310px\" class=\"wp-caption alignright\"><img loading=\"lazy\" decoding=\"async\" aria-describedby=\"caption-attachment-5766\" class=\"size-medium wp-image-5766\" src=\"http:\/\/www.elainklinikkakotisalo.fi\/milfeddyg\/wp-content\/uploads\/2024\/12\/Ere-6-kk-300x225.jpg\" alt=\"\" width=\"300\" height=\"225\" srcset=\"http:\/\/www.elainklinikkakotisalo.fi\/milfeddyg\/wp-content\/uploads\/2024\/12\/Ere-6-kk-300x225.jpg 300w, http:\/\/www.elainklinikkakotisalo.fi\/milfeddyg\/wp-content\/uploads\/2024\/12\/Ere-6-kk-768x576.jpg 768w, http:\/\/www.elainklinikkakotisalo.fi\/milfeddyg\/wp-content\/uploads\/2024\/12\/Ere-6-kk.jpg 1024w\" sizes=\"auto, (max-width: 300px) 100vw, 300px\" \/><p id=\"caption-attachment-5766\" class=\"wp-caption-text\">Ere 6kk<\/p><\/div>\n<p>&nbsp;<\/p>\n<p>&nbsp;<\/p>\n<p>&nbsp;<\/p>\n<p>&nbsp;<\/p>\n<p>&nbsp;<\/p>\n<p>&nbsp;<\/p>\n<p>&nbsp;<\/p>\n<p>&nbsp;<\/p>\n<p>Milfeddyg Woikkerin Etev\u00e4 Eero eli &#8221; Eero&#8221;<\/p>\n<p><a href=\"https:\/\/jalostus.kennelliitto.fi\/frmKoira.aspx?RekNo=ER40294\/24&amp;R=314\">https:\/\/jalostus.kennelliitto.fi\/frmKoira.aspx?RekNo=ER40294\/24&amp;R=314<\/a><\/p>\n<p>uros<\/p>\n<p><img loading=\"lazy\" decoding=\"async\" class=\"alignleft size-medium wp-image-5770\" src=\"http:\/\/www.elainklinikkakotisalo.fi\/milfeddyg\/wp-content\/uploads\/2024\/12\/Eero-263x300.jpg\" alt=\"\" width=\"263\" height=\"300\" srcset=\"http:\/\/www.elainklinikkakotisalo.fi\/milfeddyg\/wp-content\/uploads\/2024\/12\/Eero-263x300.jpg 263w, http:\/\/www.elainklinikkakotisalo.fi\/milfeddyg\/wp-content\/uploads\/2024\/12\/Eero-768x877.jpg 768w, http:\/\/www.elainklinikkakotisalo.fi\/milfeddyg\/wp-content\/uploads\/2024\/12\/Eero.jpg 897w\" sizes=\"auto, (max-width: 263px) 100vw, 263px\" \/><\/p>\n<div id=\"attachment_5778\" style=\"width: 310px\" class=\"wp-caption alignright\"><img loading=\"lazy\" decoding=\"async\" aria-describedby=\"caption-attachment-5778\" class=\"wp-image-5778 size-medium\" src=\"http:\/\/www.elainklinikkakotisalo.fi\/milfeddyg\/wp-content\/uploads\/2024\/12\/Eero-6-kk-300x287.jpeg\" alt=\"\" width=\"300\" height=\"287\" srcset=\"http:\/\/www.elainklinikkakotisalo.fi\/milfeddyg\/wp-content\/uploads\/2024\/12\/Eero-6-kk-300x287.jpeg 300w, http:\/\/www.elainklinikkakotisalo.fi\/milfeddyg\/wp-content\/uploads\/2024\/12\/Eero-6-kk-768x735.jpeg 768w, http:\/\/www.elainklinikkakotisalo.fi\/milfeddyg\/wp-content\/uploads\/2024\/12\/Eero-6-kk.jpeg 994w\" sizes=\"auto, (max-width: 300px) 100vw, 300px\" \/><p id=\"caption-attachment-5778\" class=\"wp-caption-text\">Eero 6 kk<\/p><\/div>\n<p>&nbsp;<\/p>\n<p>&nbsp;<\/p>\n<p>&nbsp;<\/p>\n<p>&nbsp;<\/p>\n<p>&nbsp;<\/p>\n<p>&nbsp;<\/p>\n<p>&nbsp;<\/p>\n<p>&nbsp;<\/p>\n<p>&nbsp;<\/p>\n<p>&nbsp;<\/p>\n<p>Milfeddyg Woikkerin Taitava Timo eli &#8221;Visa&#8221;<\/p>\n<p><a href=\"https:\/\/jalostus.kennelliitto.fi\/frmKoira.aspx?RekNo=ER40295%2F24&amp;R=314\">https:\/\/jalostus.kennelliitto.fi\/frmKoira.aspx?RekNo=ER40295%2F24&amp;R=314<\/a><\/p>\n<div id=\"attachment_5750\" style=\"width: 310px\" class=\"wp-caption alignright\"><img loading=\"lazy\" decoding=\"async\" aria-describedby=\"caption-attachment-5750\" class=\"wp-image-5750 size-medium\" src=\"http:\/\/www.elainklinikkakotisalo.fi\/milfeddyg\/wp-content\/uploads\/2024\/12\/Visa-hienona-300x228.jpg\" alt=\"\" width=\"300\" height=\"228\" srcset=\"http:\/\/www.elainklinikkakotisalo.fi\/milfeddyg\/wp-content\/uploads\/2024\/12\/Visa-hienona-300x228.jpg 300w, http:\/\/www.elainklinikkakotisalo.fi\/milfeddyg\/wp-content\/uploads\/2024\/12\/Visa-hienona-768x584.jpg 768w, http:\/\/www.elainklinikkakotisalo.fi\/milfeddyg\/wp-content\/uploads\/2024\/12\/Visa-hienona.jpg 1024w\" sizes=\"auto, (max-width: 300px) 100vw, 300px\" \/><p id=\"caption-attachment-5750\" class=\"wp-caption-text\">Visa 5kk<\/p><\/div>\n<p>uros<\/p>\n<p><img loading=\"lazy\" decoding=\"async\" class=\"alignleft size-medium wp-image-5777\" src=\"http:\/\/www.elainklinikkakotisalo.fi\/milfeddyg\/wp-content\/uploads\/2024\/12\/Visa-istuu-1-300x268.jpg\" alt=\"\" width=\"300\" height=\"268\" srcset=\"http:\/\/www.elainklinikkakotisalo.fi\/milfeddyg\/wp-content\/uploads\/2024\/12\/Visa-istuu-1-300x268.jpg 300w, http:\/\/www.elainklinikkakotisalo.fi\/milfeddyg\/wp-content\/uploads\/2024\/12\/Visa-istuu-1.jpg 354w\" sizes=\"auto, (max-width: 300px) 100vw, 300px\" \/><\/p>\n<p>&nbsp;<\/p>\n<p>&nbsp;<\/p>\n<p>&nbsp;<\/p>\n<p>&nbsp;<\/p>\n<p>&nbsp;<\/p>\n<p>&nbsp;<\/p>\n<p>&nbsp;<\/p>\n<p>&nbsp;<\/p>\n<p>&nbsp;<\/p>\n","protected":false},"excerpt":{"rendered":"<p>syntynyt 23.6.2024 &nbsp; Emo F1-sukupolven risteytyskoira Milfeddyg Uuden Ajan Kev\u00e4tverso &#8221;Kookos&#8221; https:\/\/jalostus.kennelliitto.fi\/frmKoira.aspx?RekNo=ER35243\/21&amp;R=314 terveystulokset: lonkat A\/A, polvet 0\/0 1.5.2024, selk\u00e4: VA0, SP0, IVDD0, LTV1, silm\u00e4t RD multifokaali 22.4.2023 geenitutkimukset : ENM-kantaja, PM-vapaa, My dog DNA tehty MH-suoritettu, k\u00e4ytt\u00e4ytymisen ja ulkomuodon jalostustarkastus hyv\u00e4ksytty Harrastaa agilitya &nbsp; &nbsp; &nbsp; &nbsp; &nbsp; &nbsp; &nbsp; Is\u00e4 1. kooikerhondje uros Lucky [&hellip;]<\/p>\n","protected":false},"author":3,"featured_media":0,"parent":229,"menu_order":15,"comment_status":"closed","ping_status":"closed","template":"","meta":{"footnotes":""},"class_list":["post-5748","page","type-page","status-publish","hentry"],"_links":{"self":[{"href":"http:\/\/www.elainklinikkakotisalo.fi\/milfeddyg\/wp-json\/wp\/v2\/pages\/5748","targetHints":{"allow":["GET"]}}],"collection":[{"href":"http:\/\/www.elainklinikkakotisalo.fi\/milfeddyg\/wp-json\/wp\/v2\/pages"}],"about":[{"href":"http:\/\/www.elainklinikkakotisalo.fi\/milfeddyg\/wp-json\/wp\/v2\/types\/page"}],"author":[{"embeddable":true,"href":"http:\/\/www.elainklinikkakotisalo.fi\/milfeddyg\/wp-json\/wp\/v2\/users\/3"}],"replies":[{"embeddable":true,"href":"http:\/\/www.elainklinikkakotisalo.fi\/milfeddyg\/wp-json\/wp\/v2\/comments?post=5748"}],"version-history":[{"count":9,"href":"http:\/\/www.elainklinikkakotisalo.fi\/milfeddyg\/wp-json\/wp\/v2\/pages\/5748\/revisions"}],"predecessor-version":[{"id":5793,"href":"http:\/\/www.elainklinikkakotisalo.fi\/milfeddyg\/wp-json\/wp\/v2\/pages\/5748\/revisions\/5793"}],"up":[{"embeddable":true,"href":"http:\/\/www.elainklinikkakotisalo.fi\/milfeddyg\/wp-json\/wp\/v2\/pages\/229"}],"wp:attachment":[{"href":"http:\/\/www.elainklinikkakotisalo.fi\/milfeddyg\/wp-json\/wp\/v2\/media?parent=5748"}],"curies":[{"name":"wp","href":"https:\/\/api.w.org\/{rel}","templated":true}]}}