{"id":5738,"date":"2024-07-07T21:18:41","date_gmt":"2024-07-07T18:18:41","guid":{"rendered":"http:\/\/www.elainklinikkakotisalo.fi\/milfeddyg\/?page_id=5738"},"modified":"2024-07-07T21:21:10","modified_gmt":"2024-07-07T18:21:10","slug":"hilma","status":"publish","type":"page","link":"http:\/\/www.elainklinikkakotisalo.fi\/milfeddyg\/muistoissamme\/hilma\/","title":{"rendered":"Hilma"},"content":{"rendered":"<p>FI37319\/11\u00a0 <strong>Milfeddyg Rhuddin\u00a0<\/strong><\/p>\n<p><img loading=\"lazy\" decoding=\"async\" class=\"alignleft size-medium wp-image-5742\" src=\"http:\/\/www.elainklinikkakotisalo.fi\/milfeddyg\/wp-content\/uploads\/2024\/07\/IMG_9321-300x200.jpg\" alt=\"\" width=\"300\" height=\"200\" srcset=\"http:\/\/www.elainklinikkakotisalo.fi\/milfeddyg\/wp-content\/uploads\/2024\/07\/IMG_9321-300x200.jpg 300w, http:\/\/www.elainklinikkakotisalo.fi\/milfeddyg\/wp-content\/uploads\/2024\/07\/IMG_9321-768x512.jpg 768w, http:\/\/www.elainklinikkakotisalo.fi\/milfeddyg\/wp-content\/uploads\/2024\/07\/IMG_9321.jpg 1024w\" sizes=\"auto, (max-width: 300px) 100vw, 300px\" \/><\/p>\n<p>&nbsp;<\/p>\n<p><img loading=\"lazy\" decoding=\"async\" class=\"alignright size-medium wp-image-5741\" src=\"http:\/\/www.elainklinikkakotisalo.fi\/milfeddyg\/wp-content\/uploads\/2024\/07\/IMG_9182-300x219.jpg\" alt=\"\" width=\"300\" height=\"219\" srcset=\"http:\/\/www.elainklinikkakotisalo.fi\/milfeddyg\/wp-content\/uploads\/2024\/07\/IMG_9182-300x219.jpg 300w, http:\/\/www.elainklinikkakotisalo.fi\/milfeddyg\/wp-content\/uploads\/2024\/07\/IMG_9182-768x560.jpg 768w, http:\/\/www.elainklinikkakotisalo.fi\/milfeddyg\/wp-content\/uploads\/2024\/07\/IMG_9182.jpg 1024w\" sizes=\"auto, (max-width: 300px) 100vw, 300px\" \/><\/p>\n<p>&nbsp;<\/p>\n<p>&nbsp;<\/p>\n<p>&nbsp;<\/p>\n<p>&nbsp;<\/p>\n<p><img loading=\"lazy\" decoding=\"async\" class=\"alignleft size-medium wp-image-5743\" src=\"http:\/\/www.elainklinikkakotisalo.fi\/milfeddyg\/wp-content\/uploads\/2024\/07\/kaunis-Hilma-225x300.jpg\" alt=\"\" width=\"225\" height=\"300\" srcset=\"http:\/\/www.elainklinikkakotisalo.fi\/milfeddyg\/wp-content\/uploads\/2024\/07\/kaunis-Hilma-225x300.jpg 225w, http:\/\/www.elainklinikkakotisalo.fi\/milfeddyg\/wp-content\/uploads\/2024\/07\/kaunis-Hilma.jpg 384w\" sizes=\"auto, (max-width: 225px) 100vw, 225px\" \/><\/p>\n<p>&nbsp;<\/p>\n<p>&nbsp;<\/p>\n<p><img loading=\"lazy\" decoding=\"async\" class=\"alignright size-medium wp-image-5743\" src=\"http:\/\/www.elainklinikkakotisalo.fi\/milfeddyg\/wp-content\/uploads\/2024\/07\/kaunis-Hilma-225x300.jpg\" alt=\"\" width=\"225\" height=\"300\" srcset=\"http:\/\/www.elainklinikkakotisalo.fi\/milfeddyg\/wp-content\/uploads\/2024\/07\/kaunis-Hilma-225x300.jpg 225w, http:\/\/www.elainklinikkakotisalo.fi\/milfeddyg\/wp-content\/uploads\/2024\/07\/kaunis-Hilma.jpg 384w\" sizes=\"auto, (max-width: 225px) 100vw, 225px\" \/><\/p>\n<p>&nbsp;<\/p>\n<p>&nbsp;<\/p>\n<p>&nbsp;<\/p>\n<p>&nbsp;<\/p>\n<p>&nbsp;<\/p>\n<p>&nbsp;<\/p>\n<p>&nbsp;<\/p>\n<p>&nbsp;<\/p>\n<p>&nbsp;<\/p>\n<p>20.5.2011- 25.3.2023<\/p>\n<p><strong>is\u00e4: <\/strong>Benton Whack That Duck <strong>em\u00e4:<\/strong> Milfeddyg Organydd<\/p>\n<p><strong>Terveystiedot: <\/strong>lonkat B\/B, polvet 0\/0, silm\u00e4t terveet 19.12.2014<\/p>\n<p>Hilma oli Siljan koira ja 4.polven Milfeddyg-walesi. Hilma tuli Siljalle kovasti odotettuna ja t\u00e4ytti odotukset t\u00e4ysin. Siljalla\u00a0 oli kotoa muuton ja opiskelujen ajan koiratonta aikaa 6 vuotta, mutta Hilma onneksi tuli ja t\u00e4ytti t\u00e4m\u00e4n tyhji\u00f6n. Hilma oli Siljalle\u00a0 erityisen t\u00e4rke\u00e4n koiran, Tiplan, lapsenlapsen lapsi.<\/p>\n<p>Hilma oli iloinen walesinarttu, jonka kanssa oli ilo harrastaa. Hilma ei ollut kaikkein vilkkain walesi ja Hilma oli pennusta asti todella kiltti tytt\u00f6. Se ei pentuaikana koskaan pureskellut ihmisi\u00e4 tai mit\u00e4\u00e4n tavaroita, paitsi ehti kyll\u00e4 muutamat sukat niell\u00e4.\u00a0 Hilma oli helposti motivoitavissa leluilla, nameilla ja kehuilla. Se oli aina\u00a0 innokas toimintaan, kun hommiin ryhdyttiin. Hilman kanssa\u00a0 ehdittiin harrastaa runsaasti mets\u00e4lenkkej\u00e4, agility\u00e4, uimaleikkej\u00e4, n\u00e4yttelyit\u00e4, perustottista omiin tarpeisiin, verij\u00e4lke\u00e4, kokeiltu rallytokoa ja doboilua.<\/p>\n<p>Luonteeltaan Hilma oli peruswalesin h\u00f6hl\u00e4 ja Hilma tuli hyvin toimeen toisten koirien kanssa. Ihmisist\u00e4 t\u00e4rkein oli oma em\u00e4nt\u00e4 ja vieraista ihmisist\u00e4 Hilma oli jopa hieman v\u00e4linpit\u00e4m\u00e4t\u00f6n.<\/p>\n<p>N\u00e4yttelyiss\u00e4 k\u00e4ytiin jonkun verran, mit\u00e4\u00a0 muilta harrastuksilta ehdittiin. Hilma viihtyi n\u00e4yttelyiss\u00e4 ja sit\u00e4 oli oikein mukava esitt\u00e4\u00e4 keh\u00e4ss\u00e4, koska se liikkui hyv\u00e4ll\u00e4 draivilla ja esiintyi muutenkin iloisesti. Hilma valioitui tammikuussa 2015 ja se sai my\u00f6s C.I.B arvoon vaadittavat cacibit.<\/p>\n<p>Agility\u00e4 alettiin treenata LAU ry:n omatoimipenturyhm\u00e4ss\u00e4 talvella 2012 ja kisaamaan p\u00e4\u00e4stiin kev\u00e4\u00e4ll\u00e4 2013. Hilma nousi 2-luokkaan toukokuussa 2014 ja 3-luokkaan syyskuussa 2014. 3-luokassa\u00a0 kisattiin ja Hilma ehti saada 3- luokassa 7 0-tulosta. Aluksi Hilma kilpaili maxi-luokassa, mutta my\u00f6hemmin se mitattiin medikoiraksi, jonka j\u00e4lkeen menestys parani.<\/p>\n<p>Riistavietti\u00e4 Hilmalta l\u00f6ytyi oikein mukavasti. Taipumuskokeen Hilma\u00a0 l\u00e4p\u00e4isi kes\u00e4ll\u00e4 2012 1-vuoden i\u00e4ss\u00e4. Verij\u00e4lke\u00e4\u00a0 treenattiin jonkun verran, ja yhden mej\u00e4kokeenkin Hilma k\u00e4vi ja tuloksena AVO3-tulos.\u00a0 Hilma kulki Siljalla v\u00e4lill\u00e4 mukana t\u00f6iss\u00e4 mets\u00e4ss\u00e4 ja se pysyi\u00a0 mukavasti n\u00e4k\u00f6et\u00e4isyydell\u00e4, tosin joskus nen\u00e4 vei menness\u00e4\u00e4n ja em\u00e4nt\u00e4 sai v\u00e4h\u00e4n aikaa odotella ja huudella koiraa takaisin.<\/p>\n<p>Hilma osallistui my\u00f6s muutamaan rally-tokokilpailuun ja sai RTK2 &#8211; koulutustunnuksen.<\/p>\n<p>My\u00f6s muutamaan tokokokeeseen Hilma osallistui ja paras tulos oli ALO1-tulos.<\/p>\n<p>Ja ehtip\u00e4 Hilma nauttia my\u00f6s pentujen hoidosta, kun se sai 7 pentua vuonna 2015.<\/p>\n<p>Hilma oli perusterve koira koko l\u00e4hes koko el\u00e4m\u00e4ns\u00e4 ajan. Vanhempana sille tuli pahanlaatuinen maitorauhaskasvain, joka leikattiin, mutta toipuminen oli hankalaa. Kasvain uusi muutaman vuoden kuluttua ja todenn\u00e4k\u00f6isesti l\u00e4hetti et\u00e4pes\u00e4kkeit\u00e4 aivoihin. My\u00f6s takajalat alkoivat kipuilla talvella 2023. Kev\u00e4\u00e4ll\u00e4 2023 Hilma sai kaksi pahaa epileptist\u00e4 kohtausta lyhyen ajan sis\u00e4ll\u00e4 ja el\u00e4m\u00e4nilo katosi ja liikkuminen muuttui vaikeaksi.<\/p>\n<p>Hilma nukkui pois maaliskuussa 2023 ja sen tuhka lep\u00e4\u00e4 kotipihalla kirsikkapuun alla.<\/p>\n<p>&nbsp;<\/p>\n","protected":false},"excerpt":{"rendered":"<p>FI37319\/11\u00a0 Milfeddyg Rhuddin\u00a0 &nbsp; &nbsp; &nbsp; &nbsp; &nbsp; &nbsp; &nbsp; &nbsp; &nbsp; &nbsp; &nbsp; &nbsp; &nbsp; &nbsp; &nbsp; &nbsp; 20.5.2011- 25.3.2023 is\u00e4: Benton Whack That Duck em\u00e4: Milfeddyg Organydd Terveystiedot: lonkat B\/B, polvet 0\/0, silm\u00e4t terveet 19.12.2014 Hilma oli Siljan koira ja 4.polven Milfeddyg-walesi. Hilma tuli Siljalle kovasti odotettuna ja t\u00e4ytti odotukset t\u00e4ysin. Siljalla\u00a0 oli [&hellip;]<\/p>\n","protected":false},"author":3,"featured_media":0,"parent":343,"menu_order":8,"comment_status":"closed","ping_status":"closed","template":"","meta":{"footnotes":""},"class_list":["post-5738","page","type-page","status-publish","hentry"],"_links":{"self":[{"href":"http:\/\/www.elainklinikkakotisalo.fi\/milfeddyg\/wp-json\/wp\/v2\/pages\/5738","targetHints":{"allow":["GET"]}}],"collection":[{"href":"http:\/\/www.elainklinikkakotisalo.fi\/milfeddyg\/wp-json\/wp\/v2\/pages"}],"about":[{"href":"http:\/\/www.elainklinikkakotisalo.fi\/milfeddyg\/wp-json\/wp\/v2\/types\/page"}],"author":[{"embeddable":true,"href":"http:\/\/www.elainklinikkakotisalo.fi\/milfeddyg\/wp-json\/wp\/v2\/users\/3"}],"replies":[{"embeddable":true,"href":"http:\/\/www.elainklinikkakotisalo.fi\/milfeddyg\/wp-json\/wp\/v2\/comments?post=5738"}],"version-history":[{"count":1,"href":"http:\/\/www.elainklinikkakotisalo.fi\/milfeddyg\/wp-json\/wp\/v2\/pages\/5738\/revisions"}],"predecessor-version":[{"id":5744,"href":"http:\/\/www.elainklinikkakotisalo.fi\/milfeddyg\/wp-json\/wp\/v2\/pages\/5738\/revisions\/5744"}],"up":[{"embeddable":true,"href":"http:\/\/www.elainklinikkakotisalo.fi\/milfeddyg\/wp-json\/wp\/v2\/pages\/343"}],"wp:attachment":[{"href":"http:\/\/www.elainklinikkakotisalo.fi\/milfeddyg\/wp-json\/wp\/v2\/media?parent=5738"}],"curies":[{"name":"wp","href":"https:\/\/api.w.org\/{rel}","templated":true}]}}