{"id":5663,"date":"2024-07-02T19:19:05","date_gmt":"2024-07-02T16:19:05","guid":{"rendered":"http:\/\/www.elainklinikkakotisalo.fi\/milfeddyg\/?page_id=5663"},"modified":"2024-07-03T18:10:24","modified_gmt":"2024-07-03T15:10:24","slug":"pentue-13-ipatinka","status":"publish","type":"page","link":"http:\/\/www.elainklinikkakotisalo.fi\/milfeddyg\/pentueet\/kooikerhondje\/pentue-13-ipatinka\/","title":{"rendered":"pentue 13 IPATINKA"},"content":{"rendered":"<p><strong>PENTUE IPATINKA SYNTYI\u00a0<\/strong> 25.6.2023<\/p>\n<p>Emo<strong> Milfeddyg Vriendelijk Paupinka\u00a0<\/strong> s. 15.6.2019<\/p>\n<p><a href=\"https:\/\/jalostus.kennelliitto.fi\/frmKoira.aspx?RekNo=FI37798%2F19&amp;R=314\">https:\/\/jalostus.kennelliitto.fi\/frmKoira.aspx?RekNo=FI37798%2F19&amp;R=314<\/a><\/p>\n<p>terveystulokset: silm\u00e4t terveet, PL0\/0, HD A\/A, kyyn\u00e4r\u00e4t 0\/0, selk\u00e4: LTV0, VA0, syd\u00e4n ok, ei sivu\u00e4\u00e4ni\u00e4<\/p>\n<p>geenitestit: PM-vapaa, ENM-kantaja, MyDogDNA<\/p>\n<p>MH-koe suoritettu<\/p>\n<p>n\u00e4yttelyt: 2x sert<\/p>\n<p>harrastaa agilitya, sienestyst\u00e4<\/p>\n<p>&nbsp;<\/p>\n<p>&nbsp;<\/p>\n<p><img loading=\"lazy\" decoding=\"async\" class=\"alignleft size-medium wp-image-5538\" src=\"http:\/\/www.elainklinikkakotisalo.fi\/milfeddyg\/wp-content\/uploads\/2022\/12\/IMG_8122-300x234.jpg\" alt=\"\" width=\"300\" height=\"234\" srcset=\"http:\/\/www.elainklinikkakotisalo.fi\/milfeddyg\/wp-content\/uploads\/2022\/12\/IMG_8122-300x234.jpg 300w, http:\/\/www.elainklinikkakotisalo.fi\/milfeddyg\/wp-content\/uploads\/2022\/12\/IMG_8122-768x599.jpg 768w, http:\/\/www.elainklinikkakotisalo.fi\/milfeddyg\/wp-content\/uploads\/2022\/12\/IMG_8122.jpg 1024w\" sizes=\"auto, (max-width: 300px) 100vw, 300px\" \/><\/p>\n<p><img loading=\"lazy\" decoding=\"async\" class=\"alignleft size-medium wp-image-5537\" src=\"http:\/\/www.elainklinikkakotisalo.fi\/milfeddyg\/wp-content\/uploads\/2022\/12\/IMG_8002-300x204.jpg\" alt=\"\" width=\"300\" height=\"204\" srcset=\"http:\/\/www.elainklinikkakotisalo.fi\/milfeddyg\/wp-content\/uploads\/2022\/12\/IMG_8002-300x204.jpg 300w, http:\/\/www.elainklinikkakotisalo.fi\/milfeddyg\/wp-content\/uploads\/2022\/12\/IMG_8002-768x523.jpg 768w, http:\/\/www.elainklinikkakotisalo.fi\/milfeddyg\/wp-content\/uploads\/2022\/12\/IMG_8002.jpg 1024w\" sizes=\"auto, (max-width: 300px) 100vw, 300px\" \/><\/p>\n<p>&nbsp;<\/p>\n<p>&nbsp;<\/p>\n<p>&nbsp;<\/p>\n<p>&nbsp;<\/p>\n<p>&nbsp;<\/p>\n<p>&nbsp;<\/p>\n<p>&nbsp;<\/p>\n<p>is\u00e4:<strong> Mendikan Inovi-Ipa Binja<\/strong> s. 17.4.2018<\/p>\n<p><a href=\"https:\/\/jalostus.kennelliitto.fi\/frmKoira.aspx?RekNo=FI30289%2F18&amp;R=314\">https:\/\/jalostus.kennelliitto.fi\/frmKoira.aspx?RekNo=FI30289%2F18&amp;R=314<\/a><\/p>\n<p>terveystylokset: silm\u00e4t terveet, PL0\/0, HD A\/A, kyyn\u00e4r\u00e4t 0\/0<\/p>\n<p>geenitutkimukset: ENM-vapaa, PM-kantaja, MyDogDNA<\/p>\n<p>FIN AVA, FIN AVA-H<\/p>\n<p>n\u00e4yttelyst\u00e4 EH<\/p>\n<p>aktiivinen agilitykoira medi 3 luokka.<\/p>\n<div id=\"attachment_5571\" style=\"width: 310px\" class=\"wp-caption alignleft\"><img loading=\"lazy\" decoding=\"async\" aria-describedby=\"caption-attachment-5571\" class=\"size-medium wp-image-5571\" src=\"http:\/\/www.elainklinikkakotisalo.fi\/milfeddyg\/wp-content\/uploads\/2023\/02\/ipa14012023-300x202.jpg\" alt=\"\" width=\"300\" height=\"202\" srcset=\"http:\/\/www.elainklinikkakotisalo.fi\/milfeddyg\/wp-content\/uploads\/2023\/02\/ipa14012023-300x202.jpg 300w, http:\/\/www.elainklinikkakotisalo.fi\/milfeddyg\/wp-content\/uploads\/2023\/02\/ipa14012023-768x518.jpg 768w, http:\/\/www.elainklinikkakotisalo.fi\/milfeddyg\/wp-content\/uploads\/2023\/02\/ipa14012023.jpg 1024w\" sizes=\"auto, (max-width: 300px) 100vw, 300px\" \/><p id=\"caption-attachment-5571\" class=\"wp-caption-text\">Ipa<\/p><\/div>\n<p><img loading=\"lazy\" decoding=\"async\" class=\"alignleft size-medium wp-image-5576\" src=\"http:\/\/www.elainklinikkakotisalo.fi\/milfeddyg\/wp-content\/uploads\/2023\/04\/Tinka-ja-Ipa-2-1-300x289.jpg\" alt=\"\" width=\"300\" height=\"289\" srcset=\"http:\/\/www.elainklinikkakotisalo.fi\/milfeddyg\/wp-content\/uploads\/2023\/04\/Tinka-ja-Ipa-2-1-300x289.jpg 300w, http:\/\/www.elainklinikkakotisalo.fi\/milfeddyg\/wp-content\/uploads\/2023\/04\/Tinka-ja-Ipa-2-1-768x740.jpg 768w, http:\/\/www.elainklinikkakotisalo.fi\/milfeddyg\/wp-content\/uploads\/2023\/04\/Tinka-ja-Ipa-2-1.jpg 1024w\" sizes=\"auto, (max-width: 300px) 100vw, 300px\" \/><\/p>\n<p>&nbsp;<\/p>\n<p>&nbsp;<\/p>\n<p>&nbsp;<\/p>\n<p>&nbsp;<\/p>\n<p>&nbsp;<\/p>\n<p>&nbsp;<\/p>\n<p>&nbsp;<\/p>\n<p>&nbsp;<\/p>\n<p>&nbsp;<\/p>\n<p>&nbsp;<\/p>\n<p><strong>Pennut:<\/strong><\/p>\n<p><strong>Milfeddyg Ariane Ipatinka<\/strong> , LYSTI ,narttu<\/p>\n<p><a href=\"https:\/\/jalostus.kennelliitto.fi\/frmKoira.aspx?RekNo=FI36848%2F23&amp;R=314\">https:\/\/jalostus.kennelliitto.fi\/frmKoira.aspx?RekNo=FI36848%2F23&amp;R=314<\/a><\/p>\n<p><img loading=\"lazy\" decoding=\"async\" class=\"alignleft size-medium wp-image-5664\" src=\"http:\/\/www.elainklinikkakotisalo.fi\/milfeddyg\/wp-content\/uploads\/2024\/07\/20240420_142451-300x208.jpg\" alt=\"\" width=\"300\" height=\"208\" srcset=\"http:\/\/www.elainklinikkakotisalo.fi\/milfeddyg\/wp-content\/uploads\/2024\/07\/20240420_142451-300x208.jpg 300w, http:\/\/www.elainklinikkakotisalo.fi\/milfeddyg\/wp-content\/uploads\/2024\/07\/20240420_142451-768x532.jpg 768w, http:\/\/www.elainklinikkakotisalo.fi\/milfeddyg\/wp-content\/uploads\/2024\/07\/20240420_142451.jpg 1024w\" sizes=\"auto, (max-width: 300px) 100vw, 300px\" \/><\/p>\n<p>&nbsp;<\/p>\n<p>&nbsp;<\/p>\n<p>&nbsp;<\/p>\n<p>&nbsp;<\/p>\n<p>&nbsp;<\/p>\n<p>&nbsp;<\/p>\n<p><strong>Milfeddyg Willem Ipatinka<\/strong> , VENTUS, uros<\/p>\n<p><a href=\"https:\/\/jalostus.kennelliitto.fi\/frmKoira.aspx?RekNo=FI36852%2F23&amp;R=314\">https:\/\/jalostus.kennelliitto.fi\/frmKoira.aspx?RekNo=FI36852%2F23&amp;R=314<\/a><\/p>\n<p><img loading=\"lazy\" decoding=\"async\" class=\"alignleft size-medium wp-image-5671\" src=\"http:\/\/www.elainklinikkakotisalo.fi\/milfeddyg\/wp-content\/uploads\/2024\/07\/Ventus-1v-300x233.jpg\" alt=\"\" width=\"300\" height=\"233\" srcset=\"http:\/\/www.elainklinikkakotisalo.fi\/milfeddyg\/wp-content\/uploads\/2024\/07\/Ventus-1v-300x233.jpg 300w, http:\/\/www.elainklinikkakotisalo.fi\/milfeddyg\/wp-content\/uploads\/2024\/07\/Ventus-1v-768x596.jpg 768w, http:\/\/www.elainklinikkakotisalo.fi\/milfeddyg\/wp-content\/uploads\/2024\/07\/Ventus-1v.jpg 1024w\" sizes=\"auto, (max-width: 300px) 100vw, 300px\" \/><\/p>\n<p>&nbsp;<\/p>\n<p>&nbsp;<\/p>\n<p>&nbsp;<\/p>\n<p>&nbsp;<\/p>\n<p>&nbsp;<\/p>\n<p>&nbsp;<\/p>\n<p>&nbsp;<\/p>\n<p><strong>Milfeddyg Alexander Ipatinka<\/strong> , J\u00d6R\u00d6, uros<\/p>\n<p><a href=\"https:\/\/jalostus.kennelliitto.fi\/frmKoira.aspx?RekNo=FI36849%2F23&amp;R=314\">https:\/\/jalostus.kennelliitto.fi\/frmKoira.aspx?RekNo=FI36849%2F23&amp;R=314<\/a><\/p>\n<p><img loading=\"lazy\" decoding=\"async\" class=\"alignleft size-medium wp-image-5678\" src=\"http:\/\/www.elainklinikkakotisalo.fi\/milfeddyg\/wp-content\/uploads\/2024\/07\/Joro-1v--300x224.jpg\" alt=\"\" width=\"300\" height=\"224\" srcset=\"http:\/\/www.elainklinikkakotisalo.fi\/milfeddyg\/wp-content\/uploads\/2024\/07\/Joro-1v--300x224.jpg 300w, http:\/\/www.elainklinikkakotisalo.fi\/milfeddyg\/wp-content\/uploads\/2024\/07\/Joro-1v--768x575.jpg 768w, http:\/\/www.elainklinikkakotisalo.fi\/milfeddyg\/wp-content\/uploads\/2024\/07\/Joro-1v-.jpg 1024w\" sizes=\"auto, (max-width: 300px) 100vw, 300px\" \/><\/p>\n<p>&nbsp;<\/p>\n<p>&nbsp;<\/p>\n<p>&nbsp;<\/p>\n<p>&nbsp;<\/p>\n<p>&nbsp;<\/p>\n<p>&nbsp;<\/p>\n<p>&nbsp;<\/p>\n<p><strong>Milfeddyg Claus Ipatinka<\/strong> , TAHVO, uros<\/p>\n<p><a href=\"https:\/\/jalostus.kennelliitto.fi\/frmKoira.aspx?RekNo=FI36854%2F23&amp;R=314\">https:\/\/jalostus.kennelliitto.fi\/frmKoira.aspx?RekNo=FI36854%2F23&amp;R=314<\/a><\/p>\n<p><img loading=\"lazy\" decoding=\"async\" class=\"alignleft size-medium wp-image-5667\" src=\"http:\/\/www.elainklinikkakotisalo.fi\/milfeddyg\/wp-content\/uploads\/2024\/07\/20240420_142303-300x216.jpg\" alt=\"\" width=\"300\" height=\"216\" srcset=\"http:\/\/www.elainklinikkakotisalo.fi\/milfeddyg\/wp-content\/uploads\/2024\/07\/20240420_142303-300x216.jpg 300w, http:\/\/www.elainklinikkakotisalo.fi\/milfeddyg\/wp-content\/uploads\/2024\/07\/20240420_142303-768x552.jpg 768w, http:\/\/www.elainklinikkakotisalo.fi\/milfeddyg\/wp-content\/uploads\/2024\/07\/20240420_142303.jpg 1024w\" sizes=\"auto, (max-width: 300px) 100vw, 300px\" \/><\/p>\n<p>&nbsp;<\/p>\n<p>&nbsp;<\/p>\n<p>&nbsp;<\/p>\n<p>&nbsp;<\/p>\n<p>&nbsp;<\/p>\n<p>&nbsp;<\/p>\n<p>&nbsp;<\/p>\n<p><strong>Milfeddyg Casimir Ipatinka<\/strong>, UJO, uros<\/p>\n<p><a href=\"https:\/\/jalostus.kennelliitto.fi\/frmKoira.aspx?RekNo=FI36850%2F23&amp;R=314\">https:\/\/jalostus.kennelliitto.fi\/frmKoira.aspx?RekNo=FI36850%2F23&amp;R=314<\/a><\/p>\n<p><img loading=\"lazy\" decoding=\"async\" class=\"alignleft size-medium wp-image-5669\" src=\"http:\/\/www.elainklinikkakotisalo.fi\/milfeddyg\/wp-content\/uploads\/2024\/07\/20240420_1428012-300x205.jpg\" alt=\"\" width=\"300\" height=\"205\" srcset=\"http:\/\/www.elainklinikkakotisalo.fi\/milfeddyg\/wp-content\/uploads\/2024\/07\/20240420_1428012-300x205.jpg 300w, http:\/\/www.elainklinikkakotisalo.fi\/milfeddyg\/wp-content\/uploads\/2024\/07\/20240420_1428012-768x526.jpg 768w, http:\/\/www.elainklinikkakotisalo.fi\/milfeddyg\/wp-content\/uploads\/2024\/07\/20240420_1428012.jpg 1024w\" sizes=\"auto, (max-width: 300px) 100vw, 300px\" \/><\/p>\n<p>&nbsp;<\/p>\n<p>&nbsp;<\/p>\n<p>&nbsp;<\/p>\n<p>&nbsp;<\/p>\n<p>&nbsp;<\/p>\n<p>&nbsp;<\/p>\n<p>&nbsp;<\/p>\n<p><strong>Milfeddyg Bernhard Ipatinka<\/strong>, LASSE, uros<\/p>\n<p><a href=\"https:\/\/jalostus.kennelliitto.fi\/frmKoira.aspx?RekNo=FI36851%2F23&amp;R=314\">https:\/\/jalostus.kennelliitto.fi\/frmKoira.aspx?RekNo=FI36851%2F23&amp;R=314<\/a><\/p>\n<p><img loading=\"lazy\" decoding=\"async\" class=\"alignleft size-medium wp-image-5670\" src=\"http:\/\/www.elainklinikkakotisalo.fi\/milfeddyg\/wp-content\/uploads\/2024\/07\/IMG-20240420-WA0005-300x187.jpg\" alt=\"\" width=\"300\" height=\"187\" srcset=\"http:\/\/www.elainklinikkakotisalo.fi\/milfeddyg\/wp-content\/uploads\/2024\/07\/IMG-20240420-WA0005-300x187.jpg 300w, http:\/\/www.elainklinikkakotisalo.fi\/milfeddyg\/wp-content\/uploads\/2024\/07\/IMG-20240420-WA0005.jpg 724w\" sizes=\"auto, (max-width: 300px) 100vw, 300px\" \/><\/p>\n<p>&nbsp;<\/p>\n<p>&nbsp;<\/p>\n<p>&nbsp;<\/p>\n<p>&nbsp;<\/p>\n<p>&nbsp;<\/p>\n<p>&nbsp;<\/p>\n<p>&nbsp;<\/p>\n<p><strong>Milfeddyg Constantijn Ipatinka<\/strong>, TILLI, uros<\/p>\n<p><a href=\"https:\/\/jalostus.kennelliitto.fi\/frmKoira.aspx?RekNo=FI36853%2F23&amp;R=314\">https:\/\/jalostus.kennelliitto.fi\/frmKoira.aspx?RekNo=FI36853%2F23&amp;R=314<\/a><\/p>\n<p><img loading=\"lazy\" decoding=\"async\" class=\"alignleft size-medium wp-image-5668\" src=\"http:\/\/www.elainklinikkakotisalo.fi\/milfeddyg\/wp-content\/uploads\/2024\/07\/IMG_0644-300x214.jpg\" alt=\"\" width=\"300\" height=\"214\" srcset=\"http:\/\/www.elainklinikkakotisalo.fi\/milfeddyg\/wp-content\/uploads\/2024\/07\/IMG_0644-300x214.jpg 300w, http:\/\/www.elainklinikkakotisalo.fi\/milfeddyg\/wp-content\/uploads\/2024\/07\/IMG_0644-768x549.jpg 768w, http:\/\/www.elainklinikkakotisalo.fi\/milfeddyg\/wp-content\/uploads\/2024\/07\/IMG_0644.jpg 1024w\" sizes=\"auto, (max-width: 300px) 100vw, 300px\" \/><\/p>\n<p>&nbsp;<\/p>\n<p>&nbsp;<\/p>\n<p>&nbsp;<\/p>\n<p>&nbsp;<\/p>\n<p>&nbsp;<\/p>\n<p>&nbsp;<\/p>\n<p>&nbsp;<\/p>\n<p>&nbsp;<\/p>\n<p>&nbsp;<\/p>\n","protected":false},"excerpt":{"rendered":"<p>PENTUE IPATINKA SYNTYI\u00a0 25.6.2023 Emo Milfeddyg Vriendelijk Paupinka\u00a0 s. 15.6.2019 https:\/\/jalostus.kennelliitto.fi\/frmKoira.aspx?RekNo=FI37798%2F19&amp;R=314 terveystulokset: silm\u00e4t terveet, PL0\/0, HD A\/A, kyyn\u00e4r\u00e4t 0\/0, selk\u00e4: LTV0, VA0, syd\u00e4n ok, ei sivu\u00e4\u00e4ni\u00e4 geenitestit: PM-vapaa, ENM-kantaja, MyDogDNA MH-koe suoritettu n\u00e4yttelyt: 2x sert harrastaa agilitya, sienestyst\u00e4 &nbsp; &nbsp; &nbsp; &nbsp; &nbsp; &nbsp; &nbsp; &nbsp; &nbsp; is\u00e4: Mendikan Inovi-Ipa Binja s. 17.4.2018 https:\/\/jalostus.kennelliitto.fi\/frmKoira.aspx?RekNo=FI30289%2F18&amp;R=314 terveystylokset: [&hellip;]<\/p>\n","protected":false},"author":3,"featured_media":0,"parent":229,"menu_order":13,"comment_status":"closed","ping_status":"closed","template":"","meta":{"footnotes":""},"class_list":["post-5663","page","type-page","status-publish","hentry"],"_links":{"self":[{"href":"http:\/\/www.elainklinikkakotisalo.fi\/milfeddyg\/wp-json\/wp\/v2\/pages\/5663","targetHints":{"allow":["GET"]}}],"collection":[{"href":"http:\/\/www.elainklinikkakotisalo.fi\/milfeddyg\/wp-json\/wp\/v2\/pages"}],"about":[{"href":"http:\/\/www.elainklinikkakotisalo.fi\/milfeddyg\/wp-json\/wp\/v2\/types\/page"}],"author":[{"embeddable":true,"href":"http:\/\/www.elainklinikkakotisalo.fi\/milfeddyg\/wp-json\/wp\/v2\/users\/3"}],"replies":[{"embeddable":true,"href":"http:\/\/www.elainklinikkakotisalo.fi\/milfeddyg\/wp-json\/wp\/v2\/comments?post=5663"}],"version-history":[{"count":5,"href":"http:\/\/www.elainklinikkakotisalo.fi\/milfeddyg\/wp-json\/wp\/v2\/pages\/5663\/revisions"}],"predecessor-version":[{"id":5709,"href":"http:\/\/www.elainklinikkakotisalo.fi\/milfeddyg\/wp-json\/wp\/v2\/pages\/5663\/revisions\/5709"}],"up":[{"embeddable":true,"href":"http:\/\/www.elainklinikkakotisalo.fi\/milfeddyg\/wp-json\/wp\/v2\/pages\/229"}],"wp:attachment":[{"href":"http:\/\/www.elainklinikkakotisalo.fi\/milfeddyg\/wp-json\/wp\/v2\/media?parent=5663"}],"curies":[{"name":"wp","href":"https:\/\/api.w.org\/{rel}","templated":true}]}}