{"id":5467,"date":"2021-01-12T10:25:37","date_gmt":"2021-01-12T08:25:37","guid":{"rendered":"http:\/\/www.elainklinikkakotisalo.fi\/milfeddyg\/?page_id=5467"},"modified":"2021-01-12T21:18:39","modified_gmt":"2021-01-12T19:18:39","slug":"kelmi","status":"publish","type":"page","link":"http:\/\/www.elainklinikkakotisalo.fi\/milfeddyg\/muistoissamme\/kelmi\/","title":{"rendered":"KELMI"},"content":{"rendered":"<p style=\"text-align: center;\"><strong>KELMI\u00a0 29.8.2003-22.12.2020<\/strong><\/p>\n<p>C.I.B. POHJ MVA FIN MVA SE MVA NO MVA EE MVA LV MVA LT MVA RU MVA HeW-11 EEV-05 LVV-06 RKFV-10 HeVW-12 VV-12 LTV-13 PMVV-13 MVV-14, RTK4\u00a0 \u00a0 \u00a0 Milfeddyg Innemend Elaika.<\/p>\n<p><a href=\"https:\/\/jalostus.kennelliitto.fi\/frmKoira.aspx?RekNo=EJ41078%2F03&amp;R=314\">https:\/\/jalostus.kennelliitto.fi\/frmKoira.aspx?RekNo=EJ41078%2F03&amp;R=314<\/a><\/p>\n<p>&nbsp;<\/p>\n<div id=\"attachment_3052\" style=\"width: 310px\" class=\"wp-caption aligncenter\"><img loading=\"lazy\" decoding=\"async\" aria-describedby=\"caption-attachment-3052\" class=\"size-medium wp-image-3052\" src=\"http:\/\/www.elainklinikkakotisalo.fi\/milfeddyg\/wp-content\/uploads\/2013\/08\/IMG_5809-300x200.jpg\" alt=\"\" width=\"300\" height=\"200\" srcset=\"http:\/\/www.elainklinikkakotisalo.fi\/milfeddyg\/wp-content\/uploads\/2013\/08\/IMG_5809-300x200.jpg 300w, http:\/\/www.elainklinikkakotisalo.fi\/milfeddyg\/wp-content\/uploads\/2013\/08\/IMG_5809-1024x682.jpg 1024w\" sizes=\"auto, (max-width: 300px) 100vw, 300px\" \/><p id=\"caption-attachment-3052\" class=\"wp-caption-text\">Kelmi tunturissa<\/p><\/div>\n<p>&nbsp;<\/p>\n<div id=\"attachment_3739\" style=\"width: 310px\" class=\"wp-caption alignleft\"><img loading=\"lazy\" decoding=\"async\" aria-describedby=\"caption-attachment-3739\" class=\"size-medium wp-image-3739\" src=\"http:\/\/www.elainklinikkakotisalo.fi\/milfeddyg\/wp-content\/uploads\/2014\/10\/Kelmi-1-300x200.jpg\" alt=\"\" width=\"300\" height=\"200\" srcset=\"http:\/\/www.elainklinikkakotisalo.fi\/milfeddyg\/wp-content\/uploads\/2014\/10\/Kelmi-1-300x200.jpg 300w, http:\/\/www.elainklinikkakotisalo.fi\/milfeddyg\/wp-content\/uploads\/2014\/10\/Kelmi-1.jpg 960w\" sizes=\"auto, (max-width: 300px) 100vw, 300px\" \/><p id=\"caption-attachment-3739\" class=\"wp-caption-text\">Kelmi ROP vet ja BIS 3 VET<\/p><\/div>\n<p><img loading=\"lazy\" decoding=\"async\" class=\"alignright size-medium wp-image-5468\" src=\"http:\/\/www.elainklinikkakotisalo.fi\/milfeddyg\/wp-content\/uploads\/2021\/01\/IMG_3170-300x200.jpg\" alt=\"\" width=\"300\" height=\"200\" srcset=\"http:\/\/www.elainklinikkakotisalo.fi\/milfeddyg\/wp-content\/uploads\/2021\/01\/IMG_3170-300x200.jpg 300w, http:\/\/www.elainklinikkakotisalo.fi\/milfeddyg\/wp-content\/uploads\/2021\/01\/IMG_3170-768x512.jpg 768w, http:\/\/www.elainklinikkakotisalo.fi\/milfeddyg\/wp-content\/uploads\/2021\/01\/IMG_3170.jpg 1024w\" sizes=\"auto, (max-width: 300px) 100vw, 300px\" \/><\/p>\n<p>&nbsp;<\/p>\n<p>&nbsp;<\/p>\n<p>&nbsp;<\/p>\n<p>&nbsp;<\/p>\n<p>&nbsp;<\/p>\n<p>&nbsp;<\/p>\n<p>&nbsp;<\/p>\n<p><strong>is\u00e4<\/strong>\u00a0Maricosan\u00b4s Minimus Duenna &#8221;Mini&#8221; ,\u00a0<strong>em\u00e4<\/strong>\u00a0Milfeddyg Elaika Bianca &#8221;Lempi&#8221;<\/p>\n<p>&nbsp;<\/p>\n<p>Kelmill\u00e4 oli nimi jo ennen syntym\u00e4\u00e4ns\u00e4. Olin p\u00e4\u00e4tt\u00e4nyt j\u00e4tt\u00e4\u00e4 Lempin pennuista itselleni uroksen, jonka nimi on Kelmi. Vastasyntyneist\u00e4 pennuista tunsin k\u00e4teen, ett\u00e4 tuo punainen, napakka ja py\u00f6re\u00e4linjainen uros on Kelmi. Pentujen kasvaessa mietin kuitenkin vuorotellen, mik\u00e4 noista nelj\u00e4st\u00e4 pojasta olisi se oikea Kelmi. Vipi oli kaunis, Remulla oli taistelutahtoa, Dino oli vilkas ja leikkis\u00e4. Lopulta p\u00e4\u00e4dyin kuitenkin siihen alkuper\u00e4iseen Kelmiin, joka oli todella kaunis, sopivan kokoinen, leikkis\u00e4, vilkas ja sill\u00e4 oli sopivasti my\u00f6s taistelutahtoa. Enk\u00e4 tuota p\u00e4\u00e4t\u00f6st\u00e4\u00a0 katunut. Harrastuskoirana Kelmi\u00a0 t\u00e4ytti odotukset. Se oli helposti koulutettava ja teki yhteisty\u00f6t\u00e4 luottavaisesti ja tasaisen varmasti. Kotioloissa se oli my\u00f6s helppo seurakoira.<\/p>\n<p>Kelmin kunniateht\u00e4v\u00e4 oli el\u00e4m\u00e4n loppuun asti\u00a0 lehden kantaminen postilaatikolta sis\u00e4lle. Se oli tunnontarkka ja innokas postipoika.<\/p>\n<p>Sain Kelmist\u00e4 Ihanan agilitykaverin, jonka kanssa oli ilo treenata. Se oppii nopeasti, noudatti kuuliaisesti ohjausta ja teki aina parhaansa. Oli palkitsevaa huomata sen ilo\u00a0 yhdess\u00e4 tekemisest\u00e4. Kisoissa vauhti v\u00e4h\u00e4n k\u00e4rsi tuosta kuuliaisuudesta, kun Kelmi ei juuri koskaan tehnyt omia p\u00e4\u00e4t\u00f6ksi\u00e4, eik\u00e4 kyseenalaistanut minun ohjausta ja vauhtia. Irtoaminen esteille ja vauhti kyll\u00e4 ajan my\u00f6t\u00e4\u00a0 parantui, kun on l\u00f6ytyi toimiva palkkio. Se on pallo, jonka per\u00e4\u00e4n on hauska juosta ja vaihtaa se oikeaan palkkaan eli namiin.<\/p>\n<p>Kelmi aloitti agilitykisat 1,5 vuotiaana ja nousi kolmessa kuukaudessa medi kolmoseen. Ensimm\u00e4isen\u00e4 kilpailukes\u00e4n\u00e4 v 2005 Kelmi voitti piirinmestaruus joukkuekultaa. Muita agilitymeriittej\u00e4 on senioricupin loppukilpailussa pronssia v 2008, kooikerimestaruuskisoissa pronssia v 2008, piirinmestaruusjoukkuepronssi vuonna 2009, hopeaa avoimessa seniori SM-kisassa 2011. Kelmi on kahdesti edustanut LAU:ta Suomen mestaruuskisoissa. J\u00e4lkimm\u00e4isess\u00e4 SM-kisassa sijoitus finaaliradalla oli 31.\u00a0 Syksyll\u00e4 2011 osallistuimme paragility world cupiin Hollannissa, jossa Kelmin sijoitus oli 10. Vuonna 2013 Kelmi voitti kultaa avoimessa paragility SM-kisassa. Kelmi juoksi viimeiset agility arvokisat syyskuussa 2014 seniori- ja paragility SM-kisoissa 11-vuotiaana ja sijoittui paragilitykisassa nelj\u00e4nneksi puhtaalla 0-tuloksella. Viimeiset agilitykisat Kelmi juoksi Saarisel\u00e4ll\u00e4 kes\u00e4kuussa 2015. Siell\u00e4 paras tulos oli 5. sija puhtalla radalla ja 2,53s yliajalla.<\/p>\n<p><img loading=\"lazy\" decoding=\"async\" class=\"aligncenter size-medium wp-image-888\" src=\"http:\/\/www.elainklinikkakotisalo.fi\/milfeddyg\/wp-content\/uploads\/2012\/05\/LAHE7106-300x234.jpg\" alt=\"\" width=\"300\" height=\"234\" srcset=\"http:\/\/www.elainklinikkakotisalo.fi\/milfeddyg\/wp-content\/uploads\/2012\/05\/LAHE7106-300x234.jpg 300w, http:\/\/www.elainklinikkakotisalo.fi\/milfeddyg\/wp-content\/uploads\/2012\/05\/LAHE7106-1024x798.jpg 1024w\" sizes=\"auto, (max-width: 300px) 100vw, 300px\" \/><\/p>\n<p>&nbsp;<\/p>\n<p>Kelmin ollessa 9 vuotias, aloitimme my\u00f6s rally-tokoharrastuksen, josta Kelmi nautti my\u00f6s valtavasti. Rally kisauralla Kelmi eteni ylimp\u00e4\u00e4n eli mestariluokkaan ja saavutti ylimm\u00e4n koulutustunnuksen RTK4. Viimeinen rallykisa k\u00e4ytiin joulukuussa 2016.<\/p>\n<div id=\"attachment_3764\" style=\"width: 310px\" class=\"wp-caption aligncenter\"><img loading=\"lazy\" decoding=\"async\" aria-describedby=\"caption-attachment-3764\" class=\"size-medium wp-image-3764\" src=\"http:\/\/www.elainklinikkakotisalo.fi\/milfeddyg\/wp-content\/uploads\/2014\/10\/KElmi-rt-3-300x220.jpg\" alt=\"\" width=\"300\" height=\"220\" srcset=\"http:\/\/www.elainklinikkakotisalo.fi\/milfeddyg\/wp-content\/uploads\/2014\/10\/KElmi-rt-3-300x220.jpg 300w, http:\/\/www.elainklinikkakotisalo.fi\/milfeddyg\/wp-content\/uploads\/2014\/10\/KElmi-rt-3.jpg 1024w\" sizes=\"auto, (max-width: 300px) 100vw, 300px\" \/><p id=\"caption-attachment-3764\" class=\"wp-caption-text\">Iloista menoa<\/p><\/div>\n<p>&nbsp;<\/p>\n<p>Kelmi nauttii n\u00e4yttelykeh\u00e4ss\u00e4 esiintymisest\u00e4 ja se\u00a0 menestyi loistavasti. Se\u00a0 saavutti kansainv\u00e4lisen, Pohjoismaiden-, Suomen-, Ruotsin-, Norjan-,\u00a0 Viron-, Latvian-, Liettuan-\u00a0 ja Ven\u00e4j\u00e4n muotovalion arvon. Lis\u00e4ksi se\u00a0 ker\u00e4si Vironvoittaja-05, Latvianvoittaja-06,Ven\u00e4j\u00e4nvoittaja-10, Helsinginvoittaja-11, Helsinki veteraanivoittaja-12, Veteraanivoittaja-12, Liettuan voittaja-13, Pohjoismaiden voittaja -13, Veteraani maailmanvoittaja -14\u00a0 tittelit. Syyskuussa 2011 se sai my\u00f6s Hollannin sertin. Vuonna 2014 se oli VSP Hollannin kooikeri erikoisn\u00e4yttelyss\u00e4 eli oli paras uros 50 upean uroksen joukossa ollessaan 11- vuotias ja sai my\u00f6s toisen Hollannin sertin. My\u00f6s Suomen Kooikeriyhdistyksen erikoisn\u00e4yttelyiss\u00e4 se menestyi hyvin. Kelmi ehti k\u00e4yd\u00e4 64 n\u00e4yttely\u00e4, joissa se oli 21 kertaa rotunsa paras, 4 kertaa vastakkaisen sukupuolen paras, 25 kertaa paras veteraani, 4 kertaa vastakkasisen sukupuolen paras veteraani. Se sai\u00a0 n 11 Cacibia , sai 4 ryhm\u00e4sijoitusta ja oli kerran BIS 4 ja kaksi kertaa BIS 4 veteraani, kerran BIS 3 veteraani. Kelmin kanssa oli nautinto olla keh\u00e4ss\u00e4, kun se suorastaan s\u00e4teili iloa ja itsetuntoa juostessaan vet\u00e4v\u00e4ll\u00e4 askeleella. Ainakin kerran tuomari suorastaan taputti Kelmin esiintymiselle. Upeimmat muistot n\u00e4yttelyuralta on n\u00e4yttely vuonna 2014, jossa Kelmi saavutti veteraani maailmanvoittajatittelin ja Hollannin erikoisn\u00e4yttelyn VSP\u00a0 \u00a0vuonna 2014. Hienoa oli my\u00f6s p\u00e4\u00e4st\u00e4 Kelmin kanssa esiintym\u00e4\u00e4n ja juhlimaan Champions of Champions n\u00e4yttelyjuhlaan, jonne kutsutaan vuoden parhaat n\u00e4yttelykoirat. Kelmin kanssa ei tarvinnut tehd\u00e4 yht\u00e4\u00e4n &#8221;turhaa&#8221; ulkomaan n\u00e4yttelymatkaa. Joka reissulta oli tuomisina ko maan valionarvoon oikeuttava serti ja useimmiten my\u00f6s\u00a0 Cacib.<\/p>\n<p>Kelmin kisaura p\u00e4\u00e4ttyi joulukuussa 2016. Kuntonsa puolesta Kelmi olisi voinut viel\u00e4 jatkaa n\u00e4yttelyit\u00e4 ja rallytokokisoja, mutta vuoden 2016 lopussa aloitettu syd\u00e4nl\u00e4\u00e4kitys esti sen antidopingm\u00e4\u00e4r\u00e4ysten takia.<\/p>\n<div id=\"attachment_4007\" style=\"width: 310px\" class=\"wp-caption alignleft\"><img loading=\"lazy\" decoding=\"async\" aria-describedby=\"caption-attachment-4007\" class=\"size-medium wp-image-4007\" src=\"http:\/\/www.elainklinikkakotisalo.fi\/milfeddyg\/wp-content\/uploads\/2014\/12\/Kelmi-VSP-3-300x243.jpg\" alt=\"\" width=\"300\" height=\"243\" srcset=\"http:\/\/www.elainklinikkakotisalo.fi\/milfeddyg\/wp-content\/uploads\/2014\/12\/Kelmi-VSP-3-300x243.jpg 300w, http:\/\/www.elainklinikkakotisalo.fi\/milfeddyg\/wp-content\/uploads\/2014\/12\/Kelmi-VSP-3.jpg 612w\" sizes=\"auto, (max-width: 300px) 100vw, 300px\" \/><p id=\"caption-attachment-4007\" class=\"wp-caption-text\">Kelmi VSP Hollannin erikoisn\u00e4yttelyss\u00e4 2014<\/p><\/div>\n<p>&nbsp;<\/p>\n<div id=\"attachment_3756\" style=\"width: 310px\" class=\"wp-caption alignright\"><img loading=\"lazy\" decoding=\"async\" aria-describedby=\"caption-attachment-3756\" class=\"size-medium wp-image-3756\" src=\"http:\/\/www.elainklinikkakotisalo.fi\/milfeddyg\/wp-content\/uploads\/2014\/10\/Kelmi-vetskukeh\u00e4ss\u00e4-300x168.jpg\" alt=\"\" width=\"300\" height=\"168\" srcset=\"http:\/\/www.elainklinikkakotisalo.fi\/milfeddyg\/wp-content\/uploads\/2014\/10\/Kelmi-vetskukeh\u00e4ss\u00e4-300x168.jpg 300w, http:\/\/www.elainklinikkakotisalo.fi\/milfeddyg\/wp-content\/uploads\/2014\/10\/Kelmi-vetskukeh\u00e4ss\u00e4.jpg 960w\" sizes=\"auto, (max-width: 300px) 100vw, 300px\" \/><p id=\"caption-attachment-3756\" class=\"wp-caption-text\">Kelmi n\u00e4yttelyn kauneimman veteraanin ryhm\u00e4keh\u00e4ss\u00e4 , Vet MV 2014<\/p><\/div>\n<p>&nbsp;<\/p>\n<p>&nbsp;<\/p>\n<p>&nbsp;<\/p>\n<p>&nbsp;<\/p>\n<p>&nbsp;<\/p>\n<p>&nbsp;<\/p>\n<p>&nbsp;<\/p>\n<p>Kelmill\u00e4 on 3 pentuetta: 2007 Frisian Gem-kennelin pentue , jonka emo on Delfs Finja v.d. Zwarte Bellen\u00a0Hoeve . Siin\u00e4 oli yksi narttupentu Frisian Gem Angenietje Kies \u201dAntje\u201d, joka oli meid\u00e4n Ettan emo. My\u00f6s vuonna 2007 Belleza\u00b4s -pentue, jonka emo on Estaka\u00b4s Ole-B-Ella ( 3u+2n). Vuonna 2009 syntyi Ruotsiin Mattssons-kenneliin pentue, jonka emo on Mattssons Maya- Aurora ( 3u+2n).<\/p>\n<p>Kelmi\u00a0 k\u00e4vi muutaman kerran verij\u00e4ljill\u00e4 omaksi huviksi. Se oli tarkka j\u00e4ljest\u00e4j\u00e4, eik\u00e4 riistanj\u00e4ljet sen menoa haitanneet. Paukkuarkuuden takia emme voineet osallistua\u00a0 mej\u00e4kokeisiin.<\/p>\n<p>Kelmi on t\u00e4h\u00e4n astisista koiristani se t\u00e4rkein ja merkitt\u00e4vin koirayst\u00e4v\u00e4, jonka kanssa olen saanut harrastaa ja kokea upeita el\u00e4myksi\u00e4 harrastuksissa ja ikimuistoisia hetki\u00e4 luonnossa kulkiessamme. Kelmi ehti pitk\u00e4n el\u00e4m\u00e4ns\u00e4 aikana opettaa monelle perheen uudelle koiralle ja pennuille oikeat tavat ja vanhempien kunnioituksen. I\u00e4n my\u00f6t\u00e4 siit\u00e4 kasvoi kuin ihmisen ajatus, joka oli el\u00e4m\u00e4ss\u00e4ni mukana kaikkialla ja oli joka paikassa kuin kotonaan.<\/p>\n<p>Kelmi oli loppuun asti t\u00e4ynn\u00e4 el\u00e4m\u00e4niloa ja toimintahalua. Viel\u00e4 viimeist\u00e4 edellisen\u00e4 aamuna se uskollisesti kantoi aamun lehden postilaatikolta keitti\u00f6\u00f6n ja halusi osallistua el\u00e4m\u00e4n tapahtumiin.<\/p>\n<p>Olen Kelmille ikuisesti kiitollinen n\u00e4ist\u00e4 ikimuitoisista vuosista, jotka sain sen kanssa yhdess\u00e4 kulkea. Yhdess\u00e4 jaoimme monet el\u00e4m\u00e4nvaiheet iloineen ja suruineen. Saimme kokea suuria tunteita niin kilpakentill\u00e4 kuin luonnon keskell\u00e4. Mit\u00e4 ikin\u00e4 tapahtuikaan, oli rakas yst\u00e4v\u00e4 rinnallani.<\/p>\n<p>Kun illalla kohotan katseeni taivaalle,\u00a0 uskon l\u00f6yt\u00e4v\u00e4ni Kelmin kirkkaan t\u00e4hden tuikkimassa.<\/p>\n<p>&nbsp;<\/p>\n<p>&nbsp;<\/p>\n<p><img loading=\"lazy\" decoding=\"async\" class=\"alignleft size-medium wp-image-5475\" src=\"http:\/\/www.elainklinikkakotisalo.fi\/milfeddyg\/wp-content\/uploads\/2021\/01\/IMG_0608-300x200.jpg\" alt=\"\" width=\"300\" height=\"200\" srcset=\"http:\/\/www.elainklinikkakotisalo.fi\/milfeddyg\/wp-content\/uploads\/2021\/01\/IMG_0608-300x200.jpg 300w, http:\/\/www.elainklinikkakotisalo.fi\/milfeddyg\/wp-content\/uploads\/2021\/01\/IMG_0608-768x512.jpg 768w, http:\/\/www.elainklinikkakotisalo.fi\/milfeddyg\/wp-content\/uploads\/2021\/01\/IMG_0608.jpg 1024w\" sizes=\"auto, (max-width: 300px) 100vw, 300px\" \/><\/p>\n<p><img loading=\"lazy\" decoding=\"async\" class=\"alignright size-medium wp-image-5476\" src=\"http:\/\/www.elainklinikkakotisalo.fi\/milfeddyg\/wp-content\/uploads\/2021\/01\/IMG_5515-300x230.jpg\" alt=\"\" width=\"300\" height=\"230\" srcset=\"http:\/\/www.elainklinikkakotisalo.fi\/milfeddyg\/wp-content\/uploads\/2021\/01\/IMG_5515-300x230.jpg 300w, http:\/\/www.elainklinikkakotisalo.fi\/milfeddyg\/wp-content\/uploads\/2021\/01\/IMG_5515-768x588.jpg 768w, http:\/\/www.elainklinikkakotisalo.fi\/milfeddyg\/wp-content\/uploads\/2021\/01\/IMG_5515.jpg 800w\" sizes=\"auto, (max-width: 300px) 100vw, 300px\" \/><\/p>\n<p>&nbsp;<\/p>\n<p>&nbsp;<\/p>\n<p>&nbsp;<\/p>\n<p>&nbsp;<\/p>\n<p>&nbsp;<\/p>\n<p>&nbsp;<\/p>\n<p>&nbsp;<\/p>\n<p>&nbsp;<\/p>\n<p>&nbsp;<\/p>\n<p>&nbsp;<\/p>\n<p>&nbsp;<\/p>\n<p>&nbsp;<\/p>\n<p>&nbsp;<\/p>\n<p>&nbsp;<\/p>\n<p>&nbsp;<\/p>\n<p>&nbsp;<\/p>\n<p>&nbsp;<\/p>\n<p>&nbsp;<\/p>\n<p>&nbsp;<\/p>\n<p>&nbsp;<\/p>\n<p>&nbsp;<\/p>\n<p>&nbsp;<\/p>\n<p>&nbsp;<\/p>\n<p>&nbsp;<\/p>\n<p>&nbsp;<\/p>\n<p>&nbsp;<\/p>\n<p>&nbsp;<\/p>\n<p>&nbsp;<\/p>\n<p>&nbsp;<\/p>\n<p>&nbsp;<\/p>\n<p>&nbsp;<\/p>\n<p>&nbsp;<\/p>\n","protected":false},"excerpt":{"rendered":"<p>KELMI\u00a0 29.8.2003-22.12.2020 C.I.B. POHJ MVA FIN MVA SE MVA NO MVA EE MVA LV MVA LT MVA RU MVA HeW-11 EEV-05 LVV-06 RKFV-10 HeVW-12 VV-12 LTV-13 PMVV-13 MVV-14, RTK4\u00a0 \u00a0 \u00a0 Milfeddyg Innemend Elaika. https:\/\/jalostus.kennelliitto.fi\/frmKoira.aspx?RekNo=EJ41078%2F03&amp;R=314 &nbsp; &nbsp; &nbsp; &nbsp; &nbsp; &nbsp; &nbsp; &nbsp; &nbsp; is\u00e4\u00a0Maricosan\u00b4s Minimus Duenna &#8221;Mini&#8221; ,\u00a0em\u00e4\u00a0Milfeddyg Elaika Bianca &#8221;Lempi&#8221; &nbsp; Kelmill\u00e4 oli [&hellip;]<\/p>\n","protected":false},"author":3,"featured_media":0,"parent":343,"menu_order":8,"comment_status":"closed","ping_status":"closed","template":"","meta":{"footnotes":""},"class_list":["post-5467","page","type-page","status-publish","hentry"],"_links":{"self":[{"href":"http:\/\/www.elainklinikkakotisalo.fi\/milfeddyg\/wp-json\/wp\/v2\/pages\/5467","targetHints":{"allow":["GET"]}}],"collection":[{"href":"http:\/\/www.elainklinikkakotisalo.fi\/milfeddyg\/wp-json\/wp\/v2\/pages"}],"about":[{"href":"http:\/\/www.elainklinikkakotisalo.fi\/milfeddyg\/wp-json\/wp\/v2\/types\/page"}],"author":[{"embeddable":true,"href":"http:\/\/www.elainklinikkakotisalo.fi\/milfeddyg\/wp-json\/wp\/v2\/users\/3"}],"replies":[{"embeddable":true,"href":"http:\/\/www.elainklinikkakotisalo.fi\/milfeddyg\/wp-json\/wp\/v2\/comments?post=5467"}],"version-history":[{"count":9,"href":"http:\/\/www.elainklinikkakotisalo.fi\/milfeddyg\/wp-json\/wp\/v2\/pages\/5467\/revisions"}],"predecessor-version":[{"id":5479,"href":"http:\/\/www.elainklinikkakotisalo.fi\/milfeddyg\/wp-json\/wp\/v2\/pages\/5467\/revisions\/5479"}],"up":[{"embeddable":true,"href":"http:\/\/www.elainklinikkakotisalo.fi\/milfeddyg\/wp-json\/wp\/v2\/pages\/343"}],"wp:attachment":[{"href":"http:\/\/www.elainklinikkakotisalo.fi\/milfeddyg\/wp-json\/wp\/v2\/media?parent=5467"}],"curies":[{"name":"wp","href":"https:\/\/api.w.org\/{rel}","templated":true}]}}