{"id":331,"date":"2012-04-27T09:06:18","date_gmt":"2012-04-27T06:06:18","guid":{"rendered":"http:\/\/www.elainklinikkakotisalo.fi\/milfeddyg\/?page_id=331"},"modified":"2019-02-05T12:50:34","modified_gmt":"2019-02-05T10:50:34","slug":"pentue-d","status":"publish","type":"page","link":"http:\/\/www.elainklinikkakotisalo.fi\/milfeddyg\/pentueet\/walesinspringerspanieli\/pentue-d\/","title":{"rendered":"Pentue D"},"content":{"rendered":"<p><strong>s. 21.8.1998<\/strong><\/p>\n<table style=\"width: 100%;\" border=\"0\">\n<tbody>\n<tr>\n<td><a href=\"http:\/\/www.elainklinikkakotisalo.fi\/milfeddyg\/wp-content\/uploads\/2012\/04\/Falco-amityvill\u00b4s-Xylitol.jpg\"><img loading=\"lazy\" decoding=\"async\" class=\"alignnone size-medium wp-image-424\" title=\"Falco, amityvill\u00b4s Xylitol\" src=\"http:\/\/www.elainklinikkakotisalo.fi\/milfeddyg\/wp-content\/uploads\/2012\/04\/Falco-amityvill\u00b4s-Xylitol-300x274.jpg\" alt=\"\" width=\"300\" height=\"274\" srcset=\"http:\/\/www.elainklinikkakotisalo.fi\/milfeddyg\/wp-content\/uploads\/2012\/04\/Falco-amityvill\u00b4s-Xylitol-300x274.jpg 300w, http:\/\/www.elainklinikkakotisalo.fi\/milfeddyg\/wp-content\/uploads\/2012\/04\/Falco-amityvill\u00b4s-Xylitol.jpg 866w\" sizes=\"auto, (max-width: 300px) 100vw, 300px\" \/><\/a><\/td>\n<td><a href=\"http:\/\/www.elainklinikkakotisalo.fi\/milfeddyg\/wp-content\/uploads\/2012\/04\/Roosa-00.jpg\" rel=\"lightbox[331]\"><img loading=\"lazy\" decoding=\"async\" class=\"alignnone size-medium wp-image-426\" title=\"Roosa -00\" src=\"http:\/\/www.elainklinikkakotisalo.fi\/milfeddyg\/wp-content\/uploads\/2012\/04\/Roosa-00-300x219.jpg\" alt=\"\" width=\"300\" height=\"219\" srcset=\"http:\/\/www.elainklinikkakotisalo.fi\/milfeddyg\/wp-content\/uploads\/2012\/04\/Roosa-00-300x219.jpg 300w, http:\/\/www.elainklinikkakotisalo.fi\/milfeddyg\/wp-content\/uploads\/2012\/04\/Roosa-00.jpg 1024w\" sizes=\"auto, (max-width: 300px) 100vw, 300px\" \/><\/a><\/td>\n<\/tr>\n<tr>\n<td>is\u00e4\u00a0<a href=\"http:\/\/jalostus.kennelliitto.fi\/frmKoira.aspx?RekNo=SF40449%2F92&amp;R=126\" target=\"_blank\" rel=\"noopener noreferrer\">Amityvill\u00b4s Xylitol<\/a>\u00a0SF40449\/92<\/td>\n<td>em\u00e4\u00a0<a href=\"http:\/\/jalostus.kennelliitto.fi\/frmKoira.aspx?RekNo=FIN23915%2F95&amp;R=126\" target=\"_blank\" rel=\"noopener noreferrer\">Milfeddyg Bendith<\/a>\u00a0FIN23915\/95<\/td>\n<\/tr>\n<tr>\n<td><a href=\"http:\/\/www.elainklinikkakotisalo.fi\/milfeddyg\/wp-content\/uploads\/2012\/04\/Poju-4-kk.jpg\" rel=\"lightbox[331]\"><img loading=\"lazy\" decoding=\"async\" class=\"alignnone size-medium wp-image-434\" title=\"Poju 4 kk\" src=\"http:\/\/www.elainklinikkakotisalo.fi\/milfeddyg\/wp-content\/uploads\/2012\/04\/Poju-4-kk-300x219.jpg\" alt=\"\" width=\"300\" height=\"219\" srcset=\"http:\/\/www.elainklinikkakotisalo.fi\/milfeddyg\/wp-content\/uploads\/2012\/04\/Poju-4-kk-300x219.jpg 300w, http:\/\/www.elainklinikkakotisalo.fi\/milfeddyg\/wp-content\/uploads\/2012\/04\/Poju-4-kk.jpg 967w\" sizes=\"auto, (max-width: 300px) 100vw, 300px\" \/><\/a><\/td>\n<td>\n<p>uros\u00a0<a href=\"http:\/\/jalostus.kennelliitto.fi\/frmKoira.aspx?RekNo=FIN34906%2F98&amp;R=126\" target=\"_blank\" rel=\"noopener noreferrer\">Milfeddyg Dyfais &#8221;Poju&#8221;<\/a>\u00a0kuollut 2004<\/p>\n<p>kasvain suussa<\/td>\n<\/tr>\n<tr>\n<td><a href=\"http:\/\/www.elainklinikkakotisalo.fi\/milfeddyg\/wp-content\/uploads\/2012\/04\/Zorro-1v.jpg\" rel=\"lightbox[331]\"><img loading=\"lazy\" decoding=\"async\" class=\"alignnone size-medium wp-image-437\" title=\"Zorro 1v\" src=\"http:\/\/www.elainklinikkakotisalo.fi\/milfeddyg\/wp-content\/uploads\/2012\/04\/Zorro-1v-300x211.jpg\" alt=\"\" width=\"300\" height=\"211\" srcset=\"http:\/\/www.elainklinikkakotisalo.fi\/milfeddyg\/wp-content\/uploads\/2012\/04\/Zorro-1v-300x211.jpg 300w, http:\/\/www.elainklinikkakotisalo.fi\/milfeddyg\/wp-content\/uploads\/2012\/04\/Zorro-1v.jpg 941w\" sizes=\"auto, (max-width: 300px) 100vw, 300px\" \/><\/a><\/td>\n<td>uros\u00a0<a href=\"http:\/\/jalostus.kennelliitto.fi\/frmKoira.aspx?RekNo=FIN34905%2F98&amp;R=126\" target=\"_blank\" rel=\"noopener noreferrer\">Milfeddyg Dyfal &#8221; Rosso&#8221;<\/a><\/td>\n<\/tr>\n<tr>\n<td><a href=\"http:\/\/www.elainklinikkakotisalo.fi\/milfeddyg\/wp-content\/uploads\/2012\/04\/Aku-Jyv\u00e4skyl\u00e4ss\u00e4.jpg\"><img loading=\"lazy\" decoding=\"async\" class=\"alignnone size-medium wp-image-429\" title=\"Aku Jyv\u00e4skyl\u00e4ss\u00e4\" src=\"http:\/\/www.elainklinikkakotisalo.fi\/milfeddyg\/wp-content\/uploads\/2012\/04\/Aku-Jyv\u00e4skyl\u00e4ss\u00e4-300x200.jpg\" alt=\"\" width=\"300\" height=\"200\" srcset=\"http:\/\/www.elainklinikkakotisalo.fi\/milfeddyg\/wp-content\/uploads\/2012\/04\/Aku-Jyv\u00e4skyl\u00e4ss\u00e4-300x200.jpg 300w, http:\/\/www.elainklinikkakotisalo.fi\/milfeddyg\/wp-content\/uploads\/2012\/04\/Aku-Jyv\u00e4skyl\u00e4ss\u00e4.jpg 1009w\" sizes=\"auto, (max-width: 300px) 100vw, 300px\" \/><\/a><\/td>\n<td>\n<p>uros\u00a0<a href=\"http:\/\/jalostus.kennelliitto.fi\/frmKoira.aspx?RekNo=FIN34904%2F98&amp;R=126\" target=\"_blank\" rel=\"noopener noreferrer\">Milfeddyg Diaros &#8221; Aku&#8221;<\/a>\u00a0kuollut 2.2010<\/p>\n<p>imusolmukesy\u00f6p\u00e4<\/td>\n<\/tr>\n<tr>\n<td><a href=\"http:\/\/www.elainklinikkakotisalo.fi\/milfeddyg\/wp-content\/uploads\/2012\/04\/Timi.jpg\" rel=\"lightbox[331]\"><img loading=\"lazy\" decoding=\"async\" class=\"alignnone size-medium wp-image-436\" title=\"Timi\" src=\"http:\/\/www.elainklinikkakotisalo.fi\/milfeddyg\/wp-content\/uploads\/2012\/04\/Timi-300x238.jpg\" alt=\"\" width=\"300\" height=\"238\" srcset=\"http:\/\/www.elainklinikkakotisalo.fi\/milfeddyg\/wp-content\/uploads\/2012\/04\/Timi-300x238.jpg 300w, http:\/\/www.elainklinikkakotisalo.fi\/milfeddyg\/wp-content\/uploads\/2012\/04\/Timi.jpg 815w\" sizes=\"auto, (max-width: 300px) 100vw, 300px\" \/><\/a><\/td>\n<td>\n<p>uros\u00a0<a href=\"http:\/\/jalostus.kennelliitto.fi\/frmKoira.aspx?RekNo=FIN34903%2F98&amp;R=126\" target=\"_blank\" rel=\"noopener noreferrer\">Milfeddyg Deri &#8221;Timi&#8221;<\/a>\u00a0kuollut 2011<\/p>\n<p>kasvain kyyn\u00e4rvarressa<\/td>\n<\/tr>\n<tr>\n<td><a href=\"http:\/\/www.elainklinikkakotisalo.fi\/milfeddyg\/wp-content\/uploads\/2012\/04\/Tessa-00.jpg\" rel=\"lightbox[331]\"><img loading=\"lazy\" decoding=\"async\" class=\"alignnone size-medium wp-image-435\" title=\"Tessa-00\" src=\"http:\/\/www.elainklinikkakotisalo.fi\/milfeddyg\/wp-content\/uploads\/2012\/04\/Tessa-00-300x210.jpg\" alt=\"\" width=\"300\" height=\"210\" srcset=\"http:\/\/www.elainklinikkakotisalo.fi\/milfeddyg\/wp-content\/uploads\/2012\/04\/Tessa-00-300x210.jpg 300w, http:\/\/www.elainklinikkakotisalo.fi\/milfeddyg\/wp-content\/uploads\/2012\/04\/Tessa-00.jpg 1024w\" sizes=\"auto, (max-width: 300px) 100vw, 300px\" \/><\/a><\/td>\n<td>\n<p>narttu\u00a0<a href=\"http:\/\/jalostus.kennelliitto.fi\/frmKoira.aspx?RekNo=FIN34910%2F98&amp;R=126\" target=\"_blank\" rel=\"noopener noreferrer\">Milfeddyg Daioni &#8221;Tessa&#8221;<\/a>\u00a0kuollut 22.3.2011<\/p>\n<p>jatkuva tulehdus, huono kuulo ja n\u00e4k\u00f6<\/td>\n<\/tr>\n<tr>\n<td><a href=\"http:\/\/www.elainklinikkakotisalo.fi\/milfeddyg\/wp-content\/uploads\/2012\/04\/Martta-2000.jpg\" rel=\"lightbox[331]\"><img loading=\"lazy\" decoding=\"async\" class=\"alignnone size-medium wp-image-431\" title=\"Martta-2000\" src=\"http:\/\/www.elainklinikkakotisalo.fi\/milfeddyg\/wp-content\/uploads\/2012\/04\/Martta-2000-300x204.jpg\" alt=\"\" width=\"300\" height=\"204\" srcset=\"http:\/\/www.elainklinikkakotisalo.fi\/milfeddyg\/wp-content\/uploads\/2012\/04\/Martta-2000-300x204.jpg 300w, http:\/\/www.elainklinikkakotisalo.fi\/milfeddyg\/wp-content\/uploads\/2012\/04\/Martta-2000.jpg 1024w\" sizes=\"auto, (max-width: 300px) 100vw, 300px\" \/><\/a><\/td>\n<td>\n<p>narttu\u00a0<a href=\"http:\/\/jalostus.kennelliitto.fi\/frmKoira.aspx?RekNo=FIN34907%2F98&amp;R=126\" target=\"_blank\" rel=\"noopener noreferrer\">Milfeddyg Dewino &#8221;Martta&#8221; kuollut 13.9.2012<\/a><\/p>\n<p>vanhuus<\/td>\n<\/tr>\n<tr>\n<td><a href=\"http:\/\/www.elainklinikkakotisalo.fi\/milfeddyg\/wp-content\/uploads\/2012\/04\/Moona-2000.jpg\" rel=\"lightbox[331]\"><img loading=\"lazy\" decoding=\"async\" class=\"alignnone size-medium wp-image-432\" title=\"Moona 2000\" src=\"http:\/\/www.elainklinikkakotisalo.fi\/milfeddyg\/wp-content\/uploads\/2012\/04\/Moona-2000-252x300.jpg\" alt=\"\" width=\"252\" height=\"300\" srcset=\"http:\/\/www.elainklinikkakotisalo.fi\/milfeddyg\/wp-content\/uploads\/2012\/04\/Moona-2000-252x300.jpg 252w, http:\/\/www.elainklinikkakotisalo.fi\/milfeddyg\/wp-content\/uploads\/2012\/04\/Moona-2000.jpg 807w\" sizes=\"auto, (max-width: 252px) 100vw, 252px\" \/><\/a><\/td>\n<td>narttu\u00a0<a href=\"http:\/\/jalostus.kennelliitto.fi\/frmKoira.aspx?RekNo=FIN34909%2F98&amp;R=126\" target=\"_blank\" rel=\"noopener noreferrer\">Milfeddyg Didda &#8221;Moona&#8221;<\/a>\u00a0kuollut<\/td>\n<\/tr>\n<tr>\n<td><a href=\"http:\/\/www.elainklinikkakotisalo.fi\/milfeddyg\/wp-content\/uploads\/2012\/04\/Nala-7kk.jpg\" rel=\"lightbox[331]\"><img loading=\"lazy\" decoding=\"async\" class=\"alignnone size-medium wp-image-433\" title=\"Nala 7kk\" src=\"http:\/\/www.elainklinikkakotisalo.fi\/milfeddyg\/wp-content\/uploads\/2012\/04\/Nala-7kk-300x226.jpg\" alt=\"\" width=\"300\" height=\"226\" srcset=\"http:\/\/www.elainklinikkakotisalo.fi\/milfeddyg\/wp-content\/uploads\/2012\/04\/Nala-7kk-300x226.jpg 300w, http:\/\/www.elainklinikkakotisalo.fi\/milfeddyg\/wp-content\/uploads\/2012\/04\/Nala-7kk.jpg 992w\" sizes=\"auto, (max-width: 300px) 100vw, 300px\" \/><\/a><\/td>\n<td>\n<p>narttu\u00a0<a href=\"http:\/\/jalostus.kennelliitto.fi\/frmKoira.aspx?RekNo=FIN34908%2F98&amp;R=126\" target=\"_blank\" rel=\"noopener noreferrer\">Milfeddyg Dada &#8221;Nala&#8221;<\/a>\u00a0kuollut 10.1999<\/p>\n<p>tapaturma<\/td>\n<\/tr>\n<\/tbody>\n<\/table>\n<p><a href=\"http:\/\/www.elainklinikkakotisalo.fi\/milfeddyg\/wp-content\/uploads\/2012\/04\/D-pentue-98.jpg\" rel=\"lightbox[331]\"><img loading=\"lazy\" decoding=\"async\" class=\"alignnone size-medium wp-image-430\" title=\"D-pentue-98\" src=\"http:\/\/www.elainklinikkakotisalo.fi\/milfeddyg\/wp-content\/uploads\/2012\/04\/D-pentue-98-300x221.jpg\" alt=\"\" width=\"300\" height=\"221\" srcset=\"http:\/\/www.elainklinikkakotisalo.fi\/milfeddyg\/wp-content\/uploads\/2012\/04\/D-pentue-98-300x221.jpg 300w, http:\/\/www.elainklinikkakotisalo.fi\/milfeddyg\/wp-content\/uploads\/2012\/04\/D-pentue-98.jpg 798w\" sizes=\"auto, (max-width: 300px) 100vw, 300px\" \/><\/a><\/p>\n","protected":false},"excerpt":{"rendered":"<p>s. 21.8.1998 is\u00e4\u00a0Amityvill\u00b4s Xylitol\u00a0SF40449\/92 em\u00e4\u00a0Milfeddyg Bendith\u00a0FIN23915\/95 uros\u00a0Milfeddyg Dyfais &#8221;Poju&#8221;\u00a0kuollut 2004 kasvain suussa uros\u00a0Milfeddyg Dyfal &#8221; Rosso&#8221; uros\u00a0Milfeddyg Diaros &#8221; Aku&#8221;\u00a0kuollut 2.2010 imusolmukesy\u00f6p\u00e4 uros\u00a0Milfeddyg Deri &#8221;Timi&#8221;\u00a0kuollut 2011 kasvain kyyn\u00e4rvarressa narttu\u00a0Milfeddyg Daioni &#8221;Tessa&#8221;\u00a0kuollut 22.3.2011 jatkuva tulehdus, huono kuulo ja n\u00e4k\u00f6 narttu\u00a0Milfeddyg Dewino &#8221;Martta&#8221; kuollut 13.9.2012 vanhuus narttu\u00a0Milfeddyg Didda &#8221;Moona&#8221;\u00a0kuollut narttu\u00a0Milfeddyg Dada &#8221;Nala&#8221;\u00a0kuollut 10.1999 tapaturma<\/p>\n","protected":false},"author":1,"featured_media":0,"parent":315,"menu_order":10,"comment_status":"open","ping_status":"open","template":"","meta":{"footnotes":""},"class_list":["post-331","page","type-page","status-publish","hentry"],"_links":{"self":[{"href":"http:\/\/www.elainklinikkakotisalo.fi\/milfeddyg\/wp-json\/wp\/v2\/pages\/331","targetHints":{"allow":["GET"]}}],"collection":[{"href":"http:\/\/www.elainklinikkakotisalo.fi\/milfeddyg\/wp-json\/wp\/v2\/pages"}],"about":[{"href":"http:\/\/www.elainklinikkakotisalo.fi\/milfeddyg\/wp-json\/wp\/v2\/types\/page"}],"author":[{"embeddable":true,"href":"http:\/\/www.elainklinikkakotisalo.fi\/milfeddyg\/wp-json\/wp\/v2\/users\/1"}],"replies":[{"embeddable":true,"href":"http:\/\/www.elainklinikkakotisalo.fi\/milfeddyg\/wp-json\/wp\/v2\/comments?post=331"}],"version-history":[{"count":14,"href":"http:\/\/www.elainklinikkakotisalo.fi\/milfeddyg\/wp-json\/wp\/v2\/pages\/331\/revisions"}],"predecessor-version":[{"id":5169,"href":"http:\/\/www.elainklinikkakotisalo.fi\/milfeddyg\/wp-json\/wp\/v2\/pages\/331\/revisions\/5169"}],"up":[{"embeddable":true,"href":"http:\/\/www.elainklinikkakotisalo.fi\/milfeddyg\/wp-json\/wp\/v2\/pages\/315"}],"wp:attachment":[{"href":"http:\/\/www.elainklinikkakotisalo.fi\/milfeddyg\/wp-json\/wp\/v2\/media?parent=331"}],"curies":[{"name":"wp","href":"https:\/\/api.w.org\/{rel}","templated":true}]}}