{"id":323,"date":"2012-04-27T09:04:59","date_gmt":"2012-04-27T06:04:59","guid":{"rendered":"http:\/\/www.elainklinikkakotisalo.fi\/milfeddyg\/?page_id=323"},"modified":"2020-02-29T22:12:45","modified_gmt":"2020-02-29T20:12:45","slug":"pentue-l","status":"publish","type":"page","link":"http:\/\/www.elainklinikkakotisalo.fi\/milfeddyg\/pentueet\/walesinspringerspanieli\/pentue-l\/","title":{"rendered":"Pentue L"},"content":{"rendered":"<p><strong>s.16.2.2005<\/strong><\/p>\n<table style=\"width: 100%;\" border=\"0\">\n<tbody>\n<tr>\n<td><a href=\"http:\/\/www.elainklinikkakotisalo.fi\/milfeddyg\/wp-content\/uploads\/2012\/04\/Twigle-Infinity.jpg\" rel=\"lightbox[323]\"><img loading=\"lazy\" decoding=\"async\" class=\"alignnone size-medium wp-image-492\" title=\"Twigle Infinity\" src=\"http:\/\/www.elainklinikkakotisalo.fi\/milfeddyg\/wp-content\/uploads\/2012\/04\/Twigle-Infinity-300x225.jpg\" alt=\"\" width=\"300\" height=\"225\" srcset=\"http:\/\/www.elainklinikkakotisalo.fi\/milfeddyg\/wp-content\/uploads\/2012\/04\/Twigle-Infinity-300x225.jpg 300w, http:\/\/www.elainklinikkakotisalo.fi\/milfeddyg\/wp-content\/uploads\/2012\/04\/Twigle-Infinity.jpg 640w\" sizes=\"auto, (max-width: 300px) 100vw, 300px\" \/><\/a><\/td>\n<td><a href=\"http:\/\/www.elainklinikkakotisalo.fi\/milfeddyg\/wp-content\/uploads\/2012\/04\/Milfeddyg-GenethJassu-kes\u00e4ll\u00e4-02.jpg\"><img loading=\"lazy\" decoding=\"async\" class=\"alignnone size-medium wp-image-493\" title=\"Milfeddyg Geneth,Jassu kes\u00e4ll\u00e4-02\" src=\"http:\/\/www.elainklinikkakotisalo.fi\/milfeddyg\/wp-content\/uploads\/2012\/04\/Milfeddyg-GenethJassu-kes\u00e4ll\u00e4-02-300x191.jpg\" alt=\"\" width=\"300\" height=\"191\" srcset=\"http:\/\/www.elainklinikkakotisalo.fi\/milfeddyg\/wp-content\/uploads\/2012\/04\/Milfeddyg-GenethJassu-kes\u00e4ll\u00e4-02-300x191.jpg 300w, http:\/\/www.elainklinikkakotisalo.fi\/milfeddyg\/wp-content\/uploads\/2012\/04\/Milfeddyg-GenethJassu-kes\u00e4ll\u00e4-02.jpg 1024w\" sizes=\"auto, (max-width: 300px) 100vw, 300px\" \/><\/a><\/td>\n<\/tr>\n<tr>\n<td>is\u00e4\u00a0<a href=\"http:\/\/jalostus.kennelliitto.fi\/frmKoira.aspx?RekNo=FIN31501%2F02&amp;R=126\" target=\"_blank\" rel=\"noopener noreferrer\">Twigle Infinity<\/a>\u00a0FIN31501\/02<\/td>\n<td>em\u00e4\u00a0<a href=\"http:\/\/jalostus.kennelliitto.fi\/frmKoira.aspx?RekNo=FIN36089%2F01&amp;R=126\" target=\"_blank\" rel=\"noopener noreferrer\">Milfeddyg Geneth<\/a>\u00a0FIN36089\/01<\/td>\n<\/tr>\n<tr>\n<td>\u00a0<a href=\"http:\/\/www.elainklinikkakotisalo.fi\/milfeddyg\/wp-content\/uploads\/2012\/04\/Danny-lpr.jpg\" rel=\"lightbox[323]\"><img loading=\"lazy\" decoding=\"async\" class=\"alignnone size-medium wp-image-496\" title=\"Danny lpr\" src=\"http:\/\/www.elainklinikkakotisalo.fi\/milfeddyg\/wp-content\/uploads\/2012\/04\/Danny-lpr-300x225.jpg\" alt=\"\" width=\"300\" height=\"225\" srcset=\"http:\/\/www.elainklinikkakotisalo.fi\/milfeddyg\/wp-content\/uploads\/2012\/04\/Danny-lpr-300x225.jpg 300w, http:\/\/www.elainklinikkakotisalo.fi\/milfeddyg\/wp-content\/uploads\/2012\/04\/Danny-lpr.jpg 1024w\" sizes=\"auto, (max-width: 300px) 100vw, 300px\" \/><\/a><\/td>\n<td>\n<p>uros<a href=\"http:\/\/jalostus.kennelliitto.fi\/frmKoira.aspx?RekNo=FIN16674%2F05&amp;R=126\" target=\"_blank\" rel=\"noopener noreferrer\">\u00a0Milfeddyg Llyngesydd &#8221;Danny&#8221;<\/a>\u00a0kuollut 2009<\/p>\n<p>j\u00e4i auton alle<\/td>\n<\/tr>\n<tr>\n<td>\u00a0<a href=\"http:\/\/www.elainklinikkakotisalo.fi\/milfeddyg\/wp-content\/uploads\/2012\/04\/Bojo-huhtikuussa-08.jpg\" rel=\"lightbox[323]\"><img loading=\"lazy\" decoding=\"async\" class=\"alignnone size-medium wp-image-495\" title=\"Bojo huhtikuussa 08\" src=\"http:\/\/www.elainklinikkakotisalo.fi\/milfeddyg\/wp-content\/uploads\/2012\/04\/Bojo-huhtikuussa-08-300x225.jpg\" alt=\"\" width=\"300\" height=\"225\" srcset=\"http:\/\/www.elainklinikkakotisalo.fi\/milfeddyg\/wp-content\/uploads\/2012\/04\/Bojo-huhtikuussa-08-300x225.jpg 300w, http:\/\/www.elainklinikkakotisalo.fi\/milfeddyg\/wp-content\/uploads\/2012\/04\/Bojo-huhtikuussa-08.jpg 1024w\" sizes=\"auto, (max-width: 300px) 100vw, 300px\" \/><\/a><\/td>\n<td>\n<p>uros\u00a0<a href=\"http:\/\/jalostus.kennelliitto.fi\/frmKoira.aspx?RekNo=FIN16675%2F05&amp;R=126\" target=\"_blank\" rel=\"noopener noreferrer\">Milfeddyg Loetran &#8221;Bojo&#8221;<\/a><\/p>\n<p>k. 17.1.2019 kasvsin poskessa<\/td>\n<\/tr>\n<tr>\n<td>\u00a0<a href=\"http:\/\/www.elainklinikkakotisalo.fi\/milfeddyg\/wp-content\/uploads\/2012\/04\/Nico-ryhdikk\u00e4\u00e4n\u00e4.jpg\"><img loading=\"lazy\" decoding=\"async\" class=\"alignnone size-medium wp-image-500\" title=\"Nico ryhdikk\u00e4\u00e4n\u00e4\" src=\"http:\/\/www.elainklinikkakotisalo.fi\/milfeddyg\/wp-content\/uploads\/2012\/04\/Nico-ryhdikk\u00e4\u00e4n\u00e4-300x225.jpg\" alt=\"\" width=\"300\" height=\"225\" srcset=\"http:\/\/www.elainklinikkakotisalo.fi\/milfeddyg\/wp-content\/uploads\/2012\/04\/Nico-ryhdikk\u00e4\u00e4n\u00e4-300x225.jpg 300w, http:\/\/www.elainklinikkakotisalo.fi\/milfeddyg\/wp-content\/uploads\/2012\/04\/Nico-ryhdikk\u00e4\u00e4n\u00e4.jpg 1024w\" sizes=\"auto, (max-width: 300px) 100vw, 300px\" \/><\/a><\/td>\n<td>uros\u00a0<a href=\"http:\/\/jalostus.kennelliitto.fi\/frmKoira.aspx?RekNo=FIN16676%2F05&amp;R=126\" target=\"_blank\" rel=\"noopener noreferrer\">Milfeddyg Lwcus &#8221;Nico&#8221;<\/a> k. 9.2019 katosi lenkill\u00e4<\/td>\n<\/tr>\n<tr>\n<td>\u00a0<a href=\"http:\/\/www.elainklinikkakotisalo.fi\/milfeddyg\/wp-content\/uploads\/2012\/04\/Ruusu-9.-07.jpg\" rel=\"lightbox[323]\"><img loading=\"lazy\" decoding=\"async\" class=\"alignnone size-medium wp-image-502\" title=\"Ruusu 9.-07\" src=\"http:\/\/www.elainklinikkakotisalo.fi\/milfeddyg\/wp-content\/uploads\/2012\/04\/Ruusu-9.-07-300x225.jpg\" alt=\"\" width=\"300\" height=\"225\" srcset=\"http:\/\/www.elainklinikkakotisalo.fi\/milfeddyg\/wp-content\/uploads\/2012\/04\/Ruusu-9.-07-300x225.jpg 300w, http:\/\/www.elainklinikkakotisalo.fi\/milfeddyg\/wp-content\/uploads\/2012\/04\/Ruusu-9.-07.jpg 1024w\" sizes=\"auto, (max-width: 300px) 100vw, 300px\" \/><\/a><\/td>\n<td>\n<p>narttu\u00a0<a href=\"http:\/\/jalostus.kennelliitto.fi\/frmKoira.aspx?RekNo=FIN16677%2F05&amp;R=126\" target=\"_blank\" rel=\"noopener noreferrer\">Milfeddyg Lafant &#8221;Ruusu&#8221;<\/a><\/p>\n<p>kuollut 24.7.2016 j\u00e4i auton alle<\/td>\n<\/tr>\n<tr>\n<td>\u00a0<a href=\"http:\/\/www.elainklinikkakotisalo.fi\/milfeddyg\/wp-content\/uploads\/2012\/04\/Doris-5-06.jpg\" rel=\"lightbox[323]\"><img loading=\"lazy\" decoding=\"async\" class=\"alignnone size-medium wp-image-497\" title=\"Doris 5-06\" src=\"http:\/\/www.elainklinikkakotisalo.fi\/milfeddyg\/wp-content\/uploads\/2012\/04\/Doris-5-06-300x225.jpg\" alt=\"\" width=\"300\" height=\"225\" srcset=\"http:\/\/www.elainklinikkakotisalo.fi\/milfeddyg\/wp-content\/uploads\/2012\/04\/Doris-5-06-300x225.jpg 300w, http:\/\/www.elainklinikkakotisalo.fi\/milfeddyg\/wp-content\/uploads\/2012\/04\/Doris-5-06.jpg 1024w\" sizes=\"auto, (max-width: 300px) 100vw, 300px\" \/><\/a><\/td>\n<td>narttu\u00a0<a href=\"http:\/\/jalostus.kennelliitto.fi\/frmKoira.aspx?RekNo=FIN16682%2F05&amp;R=126\" target=\"_blank\" rel=\"noopener noreferrer\">Milfeddyg Llafur &#8221;Doris&#8221;<\/a> kuollut 10.6.2013 SLE<\/td>\n<\/tr>\n<tr>\n<td>\u00a0<a href=\"http:\/\/www.elainklinikkakotisalo.fi\/milfeddyg\/wp-content\/uploads\/2012\/04\/Ninni-6.08.jpg\" rel=\"lightbox[323]\"><img loading=\"lazy\" decoding=\"async\" class=\"alignnone size-medium wp-image-501\" title=\"Ninni 6.08\" src=\"http:\/\/www.elainklinikkakotisalo.fi\/milfeddyg\/wp-content\/uploads\/2012\/04\/Ninni-6.08-300x225.jpg\" alt=\"\" width=\"300\" height=\"225\" srcset=\"http:\/\/www.elainklinikkakotisalo.fi\/milfeddyg\/wp-content\/uploads\/2012\/04\/Ninni-6.08-300x225.jpg 300w, http:\/\/www.elainklinikkakotisalo.fi\/milfeddyg\/wp-content\/uploads\/2012\/04\/Ninni-6.08.jpg 1024w\" sizes=\"auto, (max-width: 300px) 100vw, 300px\" \/><\/a><\/td>\n<td>\n<p>narttu\u00a0<a href=\"http:\/\/jalostus.kennelliitto.fi\/frmKoira.aspx?RekNo=FIN16678%2F05&amp;R=126\" target=\"_blank\" rel=\"noopener noreferrer\">Milfeddyg Llawen &#8221;Ninni&#8221; <\/a><\/p>\n<p>k.2015 kasvain vatsaontelossa<\/td>\n<\/tr>\n<tr>\n<td>\u00a0<a href=\"http:\/\/www.elainklinikkakotisalo.fi\/milfeddyg\/wp-content\/uploads\/2012\/04\/Hertan-eka-sertti-kuva-Marja-Korhonen.jpg\" rel=\"lightbox[323]\"><img loading=\"lazy\" decoding=\"async\" class=\"alignnone size-medium wp-image-498\" title=\"Hertan eka sertti, kuva Marja Korhonen\" src=\"http:\/\/www.elainklinikkakotisalo.fi\/milfeddyg\/wp-content\/uploads\/2012\/04\/Hertan-eka-sertti-kuva-Marja-Korhonen-300x225.jpg\" alt=\"\" width=\"300\" height=\"225\" srcset=\"http:\/\/www.elainklinikkakotisalo.fi\/milfeddyg\/wp-content\/uploads\/2012\/04\/Hertan-eka-sertti-kuva-Marja-Korhonen-300x225.jpg 300w, http:\/\/www.elainklinikkakotisalo.fi\/milfeddyg\/wp-content\/uploads\/2012\/04\/Hertan-eka-sertti-kuva-Marja-Korhonen.jpg 1024w\" sizes=\"auto, (max-width: 300px) 100vw, 300px\" \/><\/a><\/td>\n<td>narttu\u00a0<a href=\"http:\/\/jalostus.kennelliitto.fi\/frmKoira.aspx?RekNo=FIN16681%2F05&amp;R=126\" target=\"_blank\" rel=\"noopener noreferrer\">Milfeddyg Lleban &#8221;Hertta&#8221;<\/a> kuollut 30.1.2017 mahdollisesti vierasesine mahalaukussa<\/td>\n<\/tr>\n<tr>\n<td>\u00a0<a href=\"http:\/\/www.elainklinikkakotisalo.fi\/milfeddyg\/wp-content\/uploads\/2012\/04\/Salli.jpg\" rel=\"lightbox[323]\"><img loading=\"lazy\" decoding=\"async\" class=\"alignnone size-medium wp-image-503\" title=\"Salli\" src=\"http:\/\/www.elainklinikkakotisalo.fi\/milfeddyg\/wp-content\/uploads\/2012\/04\/Salli-300x225.jpg\" alt=\"\" width=\"300\" height=\"225\" srcset=\"http:\/\/www.elainklinikkakotisalo.fi\/milfeddyg\/wp-content\/uploads\/2012\/04\/Salli-300x225.jpg 300w, http:\/\/www.elainklinikkakotisalo.fi\/milfeddyg\/wp-content\/uploads\/2012\/04\/Salli.jpg 1024w\" sizes=\"auto, (max-width: 300px) 100vw, 300px\" \/><\/a><\/td>\n<td>\n<p>narttu\u00a0<a href=\"http:\/\/jalostus.kennelliitto.fi\/frmKoira.aspx?RekNo=FIN16679%2F05&amp;R=126\" target=\"_blank\" rel=\"noopener noreferrer\">Milfeddyg Lleiaf &#8221; Salli&#8221;<\/a><\/p>\n<p>k.30.12.2018 vanhuus<\/td>\n<\/tr>\n<tr>\n<td>\u00a0<a href=\"http:\/\/www.elainklinikkakotisalo.fi\/milfeddyg\/wp-content\/uploads\/2012\/04\/Tikru-nauraa.jpg\" rel=\"lightbox[323]\"><img loading=\"lazy\" decoding=\"async\" class=\"alignnone size-medium wp-image-504\" title=\"Tikru nauraa\" src=\"http:\/\/www.elainklinikkakotisalo.fi\/milfeddyg\/wp-content\/uploads\/2012\/04\/Tikru-nauraa-300x225.jpg\" alt=\"\" width=\"300\" height=\"225\" srcset=\"http:\/\/www.elainklinikkakotisalo.fi\/milfeddyg\/wp-content\/uploads\/2012\/04\/Tikru-nauraa-300x225.jpg 300w, http:\/\/www.elainklinikkakotisalo.fi\/milfeddyg\/wp-content\/uploads\/2012\/04\/Tikru-nauraa.jpg 1024w\" sizes=\"auto, (max-width: 300px) 100vw, 300px\" \/><\/a><\/td>\n<td>\n<p>narttu\u00a0<a href=\"http:\/\/jalostus.kennelliitto.fi\/frmKoira.aspx?RekNo=FIN16680%2F05&amp;R=126\" target=\"_blank\" rel=\"noopener noreferrer\">Milfeddyg Llewpart &#8221;Tikru&#8221;<\/a><\/p>\n<p>k. 18.6.2018 vanhuus<\/td>\n<\/tr>\n<\/tbody>\n<\/table>\n<p><a href=\"http:\/\/www.elainklinikkakotisalo.fi\/milfeddyg\/wp-content\/uploads\/2012\/04\/jassunensimm\u00e4ioset-vauvat3.jpg\"><img loading=\"lazy\" decoding=\"async\" class=\"alignnone size-medium wp-image-499\" title=\"jassunensimm\u00e4ioset vauvat3\" src=\"http:\/\/www.elainklinikkakotisalo.fi\/milfeddyg\/wp-content\/uploads\/2012\/04\/jassunensimm\u00e4ioset-vauvat3-300x225.jpg\" alt=\"\" width=\"300\" height=\"225\" srcset=\"http:\/\/www.elainklinikkakotisalo.fi\/milfeddyg\/wp-content\/uploads\/2012\/04\/jassunensimm\u00e4ioset-vauvat3-300x225.jpg 300w, http:\/\/www.elainklinikkakotisalo.fi\/milfeddyg\/wp-content\/uploads\/2012\/04\/jassunensimm\u00e4ioset-vauvat3.jpg 1024w\" sizes=\"auto, (max-width: 300px) 100vw, 300px\" \/><\/a><\/p>\n<div id=\"mailtoikkunamodalPopupTo\" style=\"z-index: 1102;\">\n<div id=\"mailtoikkunapopupMailContentModal\">\n<div id=\"mailtoikkunamailModalToClose\"><\/div>\n<div id=\"mailtoikkunapopupToQuestionModal\">What do you want to do ?<\/div>\n<p><a id=\"mailtoikkunacreateApp\"><\/a>New mail<button id=\"mailtoikkunabuttonEmail\">Copy<\/button><textarea id=\"mailtoikkunatextCopyClipboardSelect\"><\/textarea><\/div>\n<\/div>\n<div><img \/><\/div>\n","protected":false},"excerpt":{"rendered":"<p>s.16.2.2005 is\u00e4\u00a0Twigle Infinity\u00a0FIN31501\/02 em\u00e4\u00a0Milfeddyg Geneth\u00a0FIN36089\/01 \u00a0 uros\u00a0Milfeddyg Llyngesydd &#8221;Danny&#8221;\u00a0kuollut 2009 j\u00e4i auton alle \u00a0 uros\u00a0Milfeddyg Loetran &#8221;Bojo&#8221; k. 17.1.2019 kasvsin poskessa \u00a0 uros\u00a0Milfeddyg Lwcus &#8221;Nico&#8221; k. 9.2019 katosi lenkill\u00e4 \u00a0 narttu\u00a0Milfeddyg Lafant &#8221;Ruusu&#8221; kuollut 24.7.2016 j\u00e4i auton alle \u00a0 narttu\u00a0Milfeddyg Llafur &#8221;Doris&#8221; kuollut 10.6.2013 SLE \u00a0 narttu\u00a0Milfeddyg Llawen &#8221;Ninni&#8221; k.2015 kasvain vatsaontelossa \u00a0 narttu\u00a0Milfeddyg Lleban [&hellip;]<\/p>\n","protected":false},"author":1,"featured_media":0,"parent":315,"menu_order":6,"comment_status":"open","ping_status":"open","template":"","meta":{"footnotes":""},"class_list":["post-323","page","type-page","status-publish","hentry"],"_links":{"self":[{"href":"http:\/\/www.elainklinikkakotisalo.fi\/milfeddyg\/wp-json\/wp\/v2\/pages\/323","targetHints":{"allow":["GET"]}}],"collection":[{"href":"http:\/\/www.elainklinikkakotisalo.fi\/milfeddyg\/wp-json\/wp\/v2\/pages"}],"about":[{"href":"http:\/\/www.elainklinikkakotisalo.fi\/milfeddyg\/wp-json\/wp\/v2\/types\/page"}],"author":[{"embeddable":true,"href":"http:\/\/www.elainklinikkakotisalo.fi\/milfeddyg\/wp-json\/wp\/v2\/users\/1"}],"replies":[{"embeddable":true,"href":"http:\/\/www.elainklinikkakotisalo.fi\/milfeddyg\/wp-json\/wp\/v2\/comments?post=323"}],"version-history":[{"count":15,"href":"http:\/\/www.elainklinikkakotisalo.fi\/milfeddyg\/wp-json\/wp\/v2\/pages\/323\/revisions"}],"predecessor-version":[{"id":5360,"href":"http:\/\/www.elainklinikkakotisalo.fi\/milfeddyg\/wp-json\/wp\/v2\/pages\/323\/revisions\/5360"}],"up":[{"embeddable":true,"href":"http:\/\/www.elainklinikkakotisalo.fi\/milfeddyg\/wp-json\/wp\/v2\/pages\/315"}],"wp:attachment":[{"href":"http:\/\/www.elainklinikkakotisalo.fi\/milfeddyg\/wp-json\/wp\/v2\/media?parent=323"}],"curies":[{"name":"wp","href":"https:\/\/api.w.org\/{rel}","templated":true}]}}