{"id":3014,"date":"2013-08-09T21:26:34","date_gmt":"2013-08-09T18:26:34","guid":{"rendered":"http:\/\/www.elainklinikkakotisalo.fi\/milfeddyg\/?page_id=3014"},"modified":"2022-12-20T21:36:47","modified_gmt":"2022-12-20T19:36:47","slug":"silja","status":"publish","type":"page","link":"http:\/\/www.elainklinikkakotisalo.fi\/milfeddyg\/esittely\/silja\/","title":{"rendered":"Silja"},"content":{"rendered":"<p style=\"text-align: left;\"><a href=\"http:\/\/www.elainklinikkakotisalo.fi\/milfeddyg\/wp-content\/uploads\/2013\/08\/10269473_10152909955153948_2430876293202861513_n.jpg\" rel=\"lightbox[3014]\"><img loading=\"lazy\" decoding=\"async\" class=\" size-medium wp-image-4107 alignright\" src=\"http:\/\/www.elainklinikkakotisalo.fi\/milfeddyg\/wp-content\/uploads\/2013\/08\/10269473_10152909955153948_2430876293202861513_n-300x300.jpg\" alt=\"10269473_10152909955153948_2430876293202861513_n\" width=\"300\" height=\"300\" srcset=\"http:\/\/www.elainklinikkakotisalo.fi\/milfeddyg\/wp-content\/uploads\/2013\/08\/10269473_10152909955153948_2430876293202861513_n-300x300.jpg 300w, http:\/\/www.elainklinikkakotisalo.fi\/milfeddyg\/wp-content\/uploads\/2013\/08\/10269473_10152909955153948_2430876293202861513_n-150x150.jpg 150w, http:\/\/www.elainklinikkakotisalo.fi\/milfeddyg\/wp-content\/uploads\/2013\/08\/10269473_10152909955153948_2430876293202861513_n.jpg 955w\" sizes=\"auto, (max-width: 300px) 100vw, 300px\" \/><\/a><\/p>\n<p style=\"text-align: left;\">Olen koulutukseltani mets\u00e4talousinsin\u00f6\u00f6ri ja ty\u00f6skentelen UPM Mets\u00e4ll\u00e4 mets\u00e4asiakasvastaavana. Asun Lappeenrannassa aviomieheni ja kahden lapseni, walesi Hilman, australiankelpie Perrin ja cockerspanieli Leffen kanssa.<\/p>\n<p style=\"text-align: left;\">Innostuksen koiraharrastukseen olen saanut verenperint\u00f6n\u00e4. Meill\u00e4 on ollut koiria jo ennen syntym\u00e4\u00e4ni. Pienen\u00e4 tytt\u00f6n\u00e4 kuljettiin \u00e4idin mukana erin\u00e4isiss\u00e4 koiraharrastuksissa. Oli koiran\u00e4yttely\u00e4, agilitykisaa, mets\u00e4lenkkej\u00e4 ja verij\u00e4ljen tekoa. Varsinaisen kipin\u00e4n ihan oikeaan harrastamiseen taisin saada agilityn my\u00f6t\u00e4. Muistan, ett\u00e4 11-vuotiaana kysyin, ett\u00e4 saisinko kokeilla agility\u00e4 walesinspringeri Tiplan (Milfeddyg Blaengar) kanssa. Agility oli tosi kivaa ja Tiplan kanssa p\u00e4\u00e4stiin 2-luokkaan saakka. Agility ei ollut ihan Tiplan lempilaji, vaikka se sit\u00e4 mielell\u00e4\u00e4n tekikin, mutta j\u00e4nist\u00e4n jahtaus olisi Tiplan mielest\u00e4 ollut ihan parasta.<\/p>\n<p style=\"text-align: left;\">Minulle j\u00e4ikin sitten Piskun toisesta pentueesta Lempi-koikkeri harrastuskoiraksi. Lempin kanssa agilityura aloitettiin maxi-luokassa, mutta onneksi pian p\u00e4\u00e4stiin medi-luokkaan s\u00e4\u00e4nt\u00f6uudistuksen my\u00f6t\u00e4. Lempin kanssa harrastin siihen asti kunnes opiskelut veiv\u00e4t minut toiseen kaupunkiin. Opiskelemaan l\u00e4htiess\u00e4ni Tipla ja Lempi saivat j\u00e4\u00e4d\u00e4 tuttuun laumaan \u00e4idin luo Kanavansuulle.<\/p>\n<p style=\"text-align: left;\">Opiskeluiden ajan kokeilin koiratonta el\u00e4m\u00e4\u00e4 ja olihan se huoletonta ja helppoa, mutta opiskeluiden p\u00e4\u00e4tytty\u00e4 ja ty\u00f6kuvioiden vakiinnuttua oli aika saada jo koirakaveri. Silloin minulle tuli Hilma.<\/p>\n<p style=\"text-align: left;\">Vaikka koiraharrastus onkin tullut verenperint\u00f6n\u00e4 ja \u00e4idilt\u00e4 olen oppinut paljon, tuntuu, ett\u00e4 viel\u00e4 on niin paljon opittavaa ja koettavaa. Se onkin mielest\u00e4ni yksi koiraharrastuksen hienouksista. Aina on uutta opittavaa ja kasvamista yhdess\u00e4 oman harrastuskaverin kanssa. Siksi pid\u00e4nkin omasta mielest\u00e4ni kasvatusty\u00f6n t\u00e4rkeimp\u00e4n\u00e4 asiana, ett\u00e4 pyrimme kasvattamaan terveit\u00e4, hyv\u00e4luonteisia ja rodunomaisia koiria, joiden kanssa omistajan on mukava harrastaa, oli harrastus mik\u00e4 tahansa lenkkeilyst\u00e4 mets\u00e4stykseen.<\/p>\n<p style=\"text-align: left;\">\n","protected":false},"excerpt":{"rendered":"<p>Olen koulutukseltani mets\u00e4talousinsin\u00f6\u00f6ri ja ty\u00f6skentelen UPM Mets\u00e4ll\u00e4 mets\u00e4asiakasvastaavana. Asun Lappeenrannassa aviomieheni ja kahden lapseni, walesi Hilman, australiankelpie Perrin ja cockerspanieli Leffen kanssa. Innostuksen koiraharrastukseen olen saanut verenperint\u00f6n\u00e4. Meill\u00e4 on ollut koiria jo ennen syntym\u00e4\u00e4ni. Pienen\u00e4 tytt\u00f6n\u00e4 kuljettiin \u00e4idin mukana erin\u00e4isiss\u00e4 koiraharrastuksissa. Oli koiran\u00e4yttely\u00e4, agilitykisaa, mets\u00e4lenkkej\u00e4 ja verij\u00e4ljen tekoa. Varsinaisen kipin\u00e4n ihan oikeaan harrastamiseen taisin saada [&hellip;]<\/p>\n","protected":false},"author":2,"featured_media":0,"parent":9,"menu_order":0,"comment_status":"open","ping_status":"open","template":"","meta":{"footnotes":""},"class_list":["post-3014","page","type-page","status-publish","hentry"],"_links":{"self":[{"href":"http:\/\/www.elainklinikkakotisalo.fi\/milfeddyg\/wp-json\/wp\/v2\/pages\/3014","targetHints":{"allow":["GET"]}}],"collection":[{"href":"http:\/\/www.elainklinikkakotisalo.fi\/milfeddyg\/wp-json\/wp\/v2\/pages"}],"about":[{"href":"http:\/\/www.elainklinikkakotisalo.fi\/milfeddyg\/wp-json\/wp\/v2\/types\/page"}],"author":[{"embeddable":true,"href":"http:\/\/www.elainklinikkakotisalo.fi\/milfeddyg\/wp-json\/wp\/v2\/users\/2"}],"replies":[{"embeddable":true,"href":"http:\/\/www.elainklinikkakotisalo.fi\/milfeddyg\/wp-json\/wp\/v2\/comments?post=3014"}],"version-history":[{"count":10,"href":"http:\/\/www.elainklinikkakotisalo.fi\/milfeddyg\/wp-json\/wp\/v2\/pages\/3014\/revisions"}],"predecessor-version":[{"id":5567,"href":"http:\/\/www.elainklinikkakotisalo.fi\/milfeddyg\/wp-json\/wp\/v2\/pages\/3014\/revisions\/5567"}],"up":[{"embeddable":true,"href":"http:\/\/www.elainklinikkakotisalo.fi\/milfeddyg\/wp-json\/wp\/v2\/pages\/9"}],"wp:attachment":[{"href":"http:\/\/www.elainklinikkakotisalo.fi\/milfeddyg\/wp-json\/wp\/v2\/media?parent=3014"}],"curies":[{"name":"wp","href":"https:\/\/api.w.org\/{rel}","templated":true}]}}