{"id":3004,"date":"2013-08-09T21:04:15","date_gmt":"2013-08-09T18:04:15","guid":{"rendered":"http:\/\/www.elainklinikkakotisalo.fi\/milfeddyg\/?page_id=3004"},"modified":"2022-12-20T21:33:44","modified_gmt":"2022-12-20T19:33:44","slug":"liisa","status":"publish","type":"page","link":"http:\/\/www.elainklinikkakotisalo.fi\/milfeddyg\/esittely\/liisa\/","title":{"rendered":"Liisa"},"content":{"rendered":"<p style=\"text-align: left;\"><a href=\"http:\/\/www.elainklinikkakotisalo.fi\/milfeddyg\/wp-content\/uploads\/2012\/04\/Liisa-ja-koirat-9.-09-e1335321723100.jpg\" rel=\"lightbox[3004]\"><img loading=\"lazy\" decoding=\"async\" class=\"alignright\" title=\"Liisa ja koirat 9.-09\" src=\"http:\/\/www.elainklinikkakotisalo.fi\/milfeddyg\/wp-content\/uploads\/2012\/04\/Liisa-ja-koirat-9.-09-e1335321723100-300x222.jpg\" alt=\"\" width=\"300\" height=\"222\" \/><\/a>Olen el\u00e4kkeell\u00e4 oleva el\u00e4inl\u00e4\u00e4k\u00e4ri.\u00a0 Suuren osan ty\u00f6urastani toimin tarkastusel\u00e4inl\u00e4\u00e4k\u00e4rin\u00e4 ja tein iltaisin pienel\u00e4inpraktiikkaa. Viimeiset 11 vuotta toimin pienel\u00e4inpraktikkona omalla klinikallani \u2013 <a href=\"http:\/\/www.elainklinikkakotisalo.fi\" target=\"_blank\" rel=\"noopener\">El\u00e4inklinikka Kotisalo Oy<\/a>, joka sijaitsee omassa rakennuksessa kodin pihapiiriss\u00e4.\u00a0 Ty\u00f6ss\u00e4ni oli parasta se, ett\u00e4 ty\u00f6, koti ja koirien kanssa puuhastelu yhdistyv\u00e4t sopivalla tavalla toisiinsa.<\/p>\n<p>Olen aina pit\u00e4nyt el\u00e4imist\u00e4, erityisesti koirista ja sain ensimm\u00e4isen oman koirani, cockerspanieli Dellan ollessani 10- vuotias. Walesinspringerspanielit ovat kuuluneet el\u00e4m\u00e4\u00e4ni vuodesta 1978, kun ensimm\u00e4inen walesipentu Assu ( Sinsir Madlen) muutti luokseni Sinsir- kennelist\u00e4. Ensimm\u00e4inen Milfeddygpentu, Milfeddyg Cyntaf, eli Sotti syntyi 9.12.1981. Viimeinen welshi kodissani oli oma kasvattini Tipla ( Milfeddyg Blaengar) s. 1995, jonka linja jatkuu edelleen vaikkakin muiden kenneleiden kautta. Kennelnimeni Milfeddyg on kymrinkielt\u00e4 ja merkitsee el\u00e4inl\u00e4\u00e4k\u00e4ri. Kennelnimen juuret ovat ammatissani ja Walesissa, josta walesinspringerspanieli on kotoisin.<\/p>\n<p>Agilityharrastuksen my\u00f6t\u00e4vaikutuksella my\u00f6s toinen punavalkoinen rotu, kooikerhondje valloitti syd\u00e4meni. Ensimm\u00e4inen kooikerini Pisku ( Callitris Bianca Flame ) tuli perheeseen syksyll\u00e4 1994 R\u00e4\u00e4kkyl\u00e4st\u00e4 Tuija Marienbergin Callitris -kennelist\u00e4. Ensimm\u00e4inen Milfeddyg -kooikeripentue syntyi 8.5.1997.\u00a0 40 vuoden aikana on maailmalle l\u00e4htenyt\u00a0 26\u00a0 Milfeddyg pentuetta; 14 walesinspringeripentuetta ja 12 kooikerhondjepentuetta. Osa on kasvanut kotonani, osa emojen kotona. Viimeinen walesinspringeripentue syntyi v. 2020.<\/p>\n<p><a href=\"http:\/\/www.elainklinikkakotisalo.fi\/milfeddyg\/wp-content\/uploads\/2012\/04\/kaverukset-Pisku-ja-Tipla.jpg\" rel=\"lightbox[3004]\"><img loading=\"lazy\" decoding=\"async\" class=\"alignright\" title=\"kaverukset Pisku ja Tipla\" src=\"http:\/\/www.elainklinikkakotisalo.fi\/milfeddyg\/wp-content\/uploads\/2012\/04\/kaverukset-Pisku-ja-Tipla-300x227.jpg\" alt=\"\" width=\"300\" height=\"227\" \/><\/a>Olen pyrkinyt perehtym\u00e4\u00e4n kasvattamiini rotuihin huolella ja olen toiminut kummankin rodun jalostustoimikunnassa. Tavoitteenani on kasvattaa terveit\u00e4 ja hyv\u00e4luonteisia koiria unohtamatta rodunomaista ja tervett\u00e4 rakennetta. N\u00e4en paljon vaivaa l\u00f6yt\u00e4\u00e4kseni jokaiselle pennulle juuri niille sopivat kodit. Rodun elinvoimaisuuden ja terveyden kannalta on t\u00e4rke\u00e4\u00e4 s\u00e4ilytt\u00e4\u00e4 mahdollisimman laaja geenivaihtelu rodun perim\u00e4ss\u00e4. T\u00e4m\u00e4 on mielest\u00e4ni koiranjalostuksen t\u00e4rkeimpi\u00e4 tavoitteita. T\u00e4st\u00e4 johtuen olen kasvattanut my\u00f6s kaksi roturisteytyspentuetta kooikerhondje rodun geenipoolia rikastuttamaan.<\/p>\n<p>&nbsp;<\/p>\n<p>Koiraharrastus on minulle el\u00e4m\u00e4ntapa. Kasvatusty\u00f6h\u00f6n liittyen k\u00e4yn koirien kanssa jonkin verran n\u00e4yttelyiss\u00e4. Agility on muodostunut rakkaimmaksi koiraharrastukseksi jo vuodesta 1990 ja se on antanut minulle paljon iloisia ja j\u00e4nnitt\u00e4vi\u00e4 kokemuksia. Se on tuonut my\u00f6s uusia yst\u00e4vi\u00e4 ja ikimuistoisia kisamatkoja. Jonkin verran olen kokeillut my\u00f6s tokoa, j\u00e4ljestyst\u00e4 ja Viken kanssa jopa raunioetsint\u00e4\u00e4. Kaikenlainen arkitottelevaisuus ja aktivointitemput ovat osa yhdess\u00e4oloa koirien kanssa.\u00a0 2010- luvulla mukaan koiraharrastuksiini tuli mukaan my\u00f6s rally-toko ja nose work ja my\u00f6hemmin my\u00f6s hoopers.\u00a0 Koirien my\u00f6t\u00e4 ulkoilusta ja luonnossa liikkumisesta on tullut t\u00e4rke\u00e4 osa el\u00e4m\u00e4\u00e4. On todella virkist\u00e4v\u00e4\u00e4 ja rentouttavaa kuin kulkea koirien kanssa metsiss\u00e4 ja rannoilla ja aistia luonnon \u00e4\u00e4net ja tuoksut.<\/p>\n<p>Olen iloinen, kun tulit tutustumaan kennelini kotisivuille. Jos olet kiinnostunut kasvattamistani roduista ja haluat kysell\u00e4 lis\u00e4\u00e4, ota rohkeasti yhteytt\u00e4. Yhteystiedot l\u00f6ytyv\u00e4t\u00a0<a title=\"Yhteystiedot\" href=\"http:\/\/www.elainklinikkakotisalo.fi\/milfeddyg\/yhteystiedot\/\">n\u00e4ilt\u00e4 sivuilta<\/a>.<\/p>\n","protected":false},"excerpt":{"rendered":"<p>Olen el\u00e4kkeell\u00e4 oleva el\u00e4inl\u00e4\u00e4k\u00e4ri.\u00a0 Suuren osan ty\u00f6urastani toimin tarkastusel\u00e4inl\u00e4\u00e4k\u00e4rin\u00e4 ja tein iltaisin pienel\u00e4inpraktiikkaa. Viimeiset 11 vuotta toimin pienel\u00e4inpraktikkona omalla klinikallani \u2013 El\u00e4inklinikka Kotisalo Oy, joka sijaitsee omassa rakennuksessa kodin pihapiiriss\u00e4.\u00a0 Ty\u00f6ss\u00e4ni oli parasta se, ett\u00e4 ty\u00f6, koti ja koirien kanssa puuhastelu yhdistyv\u00e4t sopivalla tavalla toisiinsa. Olen aina pit\u00e4nyt el\u00e4imist\u00e4, erityisesti koirista ja sain ensimm\u00e4isen oman [&hellip;]<\/p>\n","protected":false},"author":2,"featured_media":0,"parent":9,"menu_order":0,"comment_status":"open","ping_status":"open","template":"","meta":{"footnotes":""},"class_list":["post-3004","page","type-page","status-publish","hentry"],"_links":{"self":[{"href":"http:\/\/www.elainklinikkakotisalo.fi\/milfeddyg\/wp-json\/wp\/v2\/pages\/3004","targetHints":{"allow":["GET"]}}],"collection":[{"href":"http:\/\/www.elainklinikkakotisalo.fi\/milfeddyg\/wp-json\/wp\/v2\/pages"}],"about":[{"href":"http:\/\/www.elainklinikkakotisalo.fi\/milfeddyg\/wp-json\/wp\/v2\/types\/page"}],"author":[{"embeddable":true,"href":"http:\/\/www.elainklinikkakotisalo.fi\/milfeddyg\/wp-json\/wp\/v2\/users\/2"}],"replies":[{"embeddable":true,"href":"http:\/\/www.elainklinikkakotisalo.fi\/milfeddyg\/wp-json\/wp\/v2\/comments?post=3004"}],"version-history":[{"count":6,"href":"http:\/\/www.elainklinikkakotisalo.fi\/milfeddyg\/wp-json\/wp\/v2\/pages\/3004\/revisions"}],"predecessor-version":[{"id":5565,"href":"http:\/\/www.elainklinikkakotisalo.fi\/milfeddyg\/wp-json\/wp\/v2\/pages\/3004\/revisions\/5565"}],"up":[{"embeddable":true,"href":"http:\/\/www.elainklinikkakotisalo.fi\/milfeddyg\/wp-json\/wp\/v2\/pages\/9"}],"wp:attachment":[{"href":"http:\/\/www.elainklinikkakotisalo.fi\/milfeddyg\/wp-json\/wp\/v2\/media?parent=3004"}],"curies":[{"name":"wp","href":"https:\/\/api.w.org\/{rel}","templated":true}]}}